{"id":71945,"date":"2024-01-01T18:17:17","date_gmt":"2024-01-01T18:17:17","guid":{"rendered":"https:\/\/mavideniz.com.tr\/?page_id=71945"},"modified":"2025-10-05T00:07:50","modified_gmt":"2025-10-05T00:07:50","slug":"kalici-petrol-bariyeri-hollandaya-gidiyor","status":"publish","type":"page","link":"https:\/\/mavideniz.com.tr\/tr\/haberler-etkinlikler\/kalici-petrol-bariyeri-hollandaya-gidiyor\/","title":{"rendered":"KALICI PETROL BAR\u0130YER\u0130 HOLLANDA&#8217;YA G\u0130D\u0130YOR"},"content":{"rendered":"<p>29 Nisan 2020&#8217;de Mavi Deniz, offshore sekt\u00f6r\u00fcnde kullan\u0131lmak \u00fczere Hollanda&#8217;daki IOT Holland \u015eirketi&#8217;ne petrol bariyeri kal\u0131c\u0131 bariyerleri tedarik etmek<img loading=\"lazy\" decoding=\"async\" class=\"size-full wp-image-26195 alignright\" src=\"https:\/\/mavideniz.com.tr\/wp-content\/uploads\/Media-Centre\/News-Events\/2020\/PERMANENT-OIL-BOOM-Netherland-1.jpg\" alt=\"\" width=\"375\" height=\"250\" title=\"\"> \u00fczere bir anla\u015fma imzalad\u0131.<br \/>\nPetrol Bariyeri, Liman tesislerini, y\u00fckleme deniz terminallerini, rafinerileri, enerji santrallerini ve marinalar\u0131 korumak i\u00e7in tasarlanm\u0131\u015f kal\u0131c\u0131 bir koruma bariyeridir. Ya\u011f Bariyeri, uzun s\u00fcreli dayan\u0131kl\u0131l\u0131k, ultraviyole \u0131\u015f\u0131nlar\u0131na, dalga hareketine ve denizdeki b\u00fcy\u00fcmeye kar\u015f\u0131 m\u00fckemmel diren\u00e7 ve az bak\u0131m gerektirir.<\/p>\n<p>Petrol Bariyeri, limanlarda, gelgit giri\u015flerinde, barajlarda, hidroelektrik santrallerinde, lag\u00fcnlerde, r\u0131ht\u0131mlarda, iskelelerde, petrol platformlar\u0131nda, gemilerde ve d\u00f6k\u00fclmelerin m\u00fcmk\u00fcn oldu\u011fu di\u011fer tesislerde kal\u0131c\u0131 kurulum i\u00e7in tasarlanm\u0131\u015f, son derece dayan\u0131kl\u0131, az bak\u0131m gerektiren bir petrol s\u0131z\u0131nt\u0131s\u0131 patlamas\u0131d\u0131r.<\/p>\n<p>Ya\u011f Bariyeri, petrol s\u0131z\u0131nt\u0131lar\u0131n\u0131 ve d\u00f6k\u00fcnt\u00fcleri kontrol etmede sa\u011flam dayan\u0131kl\u0131l\u0131\u011f\u0131 ve \u00fcst\u00fcn performans\u0131yla \u00fcn kazanm\u0131\u015ft\u0131r. Tesislerimizin bir k\u0131sm\u0131 15 y\u0131l\u0131 a\u015fk\u0131n s\u00fcredir s\u00fcrekli hizmet vermektedir.<\/p>\n","protected":false},"excerpt":{"rendered":"<p>29 Nisan 2020&#8217;de Mavi Deniz, offshore sekt\u00f6r\u00fcnde kullan\u0131lmak \u00fczere Hollanda&#8217;daki IOT Holland \u015eirketi&#8217;ne petrol bariyeri kal\u0131c\u0131 bariyerleri tedarik etmek \u00fczere [&hellip;]<\/p>\n","protected":false},"author":1,"featured_media":0,"parent":27930,"menu_order":0,"comment_status":"closed","ping_status":"closed","template":"","meta":{"site-sidebar-layout":"default","site-content-layout":"","ast-site-content-layout":"default","site-content-style":"default","site-sidebar-style":"default","ast-global-header-display":"","ast-banner-title-visibility":"","ast-main-header-display":"","ast-hfb-above-header-display":"","ast-hfb-below-header-display":"","ast-hfb-mobile-header-display":"","site-post-title":"","ast-breadcrumbs-content":"","ast-featured-img":"","footer-sml-layout":"","ast-disable-related-posts":"","theme-transparent-header-meta":"","adv-header-id-meta":"","stick-header-meta":"","header-above-stick-meta":"","header-main-stick-meta":"","header-below-stick-meta":"","astra-migrate-meta-layouts":"default","ast-page-background-enabled":"default","ast-page-background-meta":{"desktop":{"background-color":"var(--ast-global-color-5)","background-image":"","background-repeat":"repeat","background-position":"center center","background-size":"auto","background-attachment":"scroll","background-type":"","background-media":"","overlay-type":"","overlay-color":"","overlay-opacity":"","overlay-gradient":""},"tablet":{"background-color":"","background-image":"","background-repeat":"repeat","background-position":"center center","background-size":"auto","background-attachment":"scroll","background-type":"","background-media":"","overlay-type":"","overlay-color":"","overlay-opacity":"","overlay-gradient":""},"mobile":{"background-color":"","background-image":"","background-repeat":"repeat","background-position":"center center","background-size":"auto","background-attachment":"scroll","background-type":"","background-media":"","overlay-type":"","overlay-color":"","overlay-opacity":"","overlay-gradient":""}},"ast-content-background-meta":{"desktop":{"background-color":"var(--ast-global-color-4)","background-image":"","background-repeat":"repeat","background-position":"center center","background-size":"auto","background-attachment":"scroll","background-type":"","background-media":"","overlay-type":"","overlay-color":"","overlay-opacity":"","overlay-gradient":""},"tablet":{"background-color":"var(--ast-global-color-4)","background-image":"","background-repeat":"repeat","background-position":"center center","background-size":"auto","background-attachment":"scroll","background-type":"","background-media":"","overlay-type":"","overlay-color":"","overlay-opacity":"","overlay-gradient":""},"mobile":{"background-color":"var(--ast-global-color-4)","background-image":"","background-repeat":"repeat","background-position":"center center","background-size":"auto","background-attachment":"scroll","background-type":"","background-media":"","overlay-type":"","overlay-color":"","overlay-opacity":"","overlay-gradient":""}},"footnotes":""},"class_list":["post-71945","page","type-page","status-publish","hentry"],"_links":{"self":[{"href":"https:\/\/mavideniz.com.tr\/tr\/wp-json\/wp\/v2\/pages\/71945","targetHints":{"allow":["GET"]}}],"collection":[{"href":"https:\/\/mavideniz.com.tr\/tr\/wp-json\/wp\/v2\/pages"}],"about":[{"href":"https:\/\/mavideniz.com.tr\/tr\/wp-json\/wp\/v2\/types\/page"}],"author":[{"embeddable":true,"href":"https:\/\/mavideniz.com.tr\/tr\/wp-json\/wp\/v2\/users\/1"}],"replies":[{"embeddable":true,"href":"https:\/\/mavideniz.com.tr\/tr\/wp-json\/wp\/v2\/comments?post=71945"}],"version-history":[{"count":0,"href":"https:\/\/mavideniz.com.tr\/tr\/wp-json\/wp\/v2\/pages\/71945\/revisions"}],"up":[{"embeddable":true,"href":"https:\/\/mavideniz.com.tr\/tr\/wp-json\/wp\/v2\/pages\/27930"}],"wp:attachment":[{"href":"https:\/\/mavideniz.com.tr\/tr\/wp-json\/wp\/v2\/media?parent=71945"}],"curies":[{"name":"wp","href":"https:\/\/api.w.org\/{rel}","templated":true}]}}