{"id":71950,"date":"2024-01-01T18:20:35","date_gmt":"2024-01-01T18:20:35","guid":{"rendered":"https:\/\/mavideniz.com.tr\/?page_id=71950"},"modified":"2025-10-05T00:07:50","modified_gmt":"2025-10-05T00:07:50","slug":"kirlilige-mudahale-ekipmanlari-yunanistana-sevk-edildi","status":"publish","type":"page","link":"https:\/\/mavideniz.com.tr\/tr\/haberler-etkinlikler\/kirlilige-mudahale-ekipmanlari-yunanistana-sevk-edildi\/","title":{"rendered":"K\u0130RL\u0130L\u0130\u011eE M\u00dcDAHALE EK\u0130PMANLARI YUNAN\u0130STAN&#8217;A SEVK ED\u0130LD\u0130"},"content":{"rendered":"<p>19 Eyl\u00fcl 2018&#8217;de Mavi Deniz, Shop Safe Marine Equipment Ltd. ile BV S\u0131n\u0131f\u0131 onay sertifikas\u0131na sahip petrol s\u0131z\u0131nt\u0131s\u0131 ekipman\u0131 tedarik etmek \u00fczere bir<img loading=\"lazy\" decoding=\"async\" class=\"size-full wp-image-25936 alignright\" src=\"https:\/\/mavideniz.com.tr\/wp-content\/uploads\/Media-Centre\/News-Events\/2018\/POLLUTION-RESPONSE-EQUIPMENT-2.jpg\" alt=\"\" width=\"375\" height=\"250\" title=\"\"> s\u00f6zle\u015fme imzalad\u0131.<\/p>\n<p>Mavi Deniz, T\u00fcrkiye&#8217;de D\u00f6k\u00fclme m\u00fcdahale uzmanl\u0131\u011f\u0131 ve destek hizmetlerinin lider tedarik\u00e7isidir. Mavi Deniz, T\u00fcrkiye genelinde t\u00fcm sanayi t\u00fcrlerine geni\u015f kapsaml\u0131 i\u00e7 kirlilik m\u00fcdahale hizmetleri sunan az say\u0131daki \u015firketten biridir. Bu, m\u00fc\u015fterilerimizin, m\u00fc\u015fterilerimizin ticari ve d\u00fczenleyici ortam\u0131na ili\u015fkin de\u011ferli, derinlemesine bilgiden faydalanmas\u0131na olanak tan\u0131r.<br \/>\nAyr\u0131ca d\u00f6k\u00fclmeye m\u00fcdahalede g\u00fcvenlik a\u00e7\u0131s\u0131ndan en bilin\u00e7li tedarik\u00e7ilerden biriyiz.<\/p>\n","protected":false},"excerpt":{"rendered":"<p>19 Eyl\u00fcl 2018&#8217;de Mavi Deniz, Shop Safe Marine Equipment Ltd. ile BV S\u0131n\u0131f\u0131 onay sertifikas\u0131na sahip petrol s\u0131z\u0131nt\u0131s\u0131 ekipman\u0131 tedarik [&hellip;]<\/p>\n","protected":false},"author":1,"featured_media":0,"parent":27930,"menu_order":0,"comment_status":"closed","ping_status":"closed","template":"","meta":{"site-sidebar-layout":"default","site-content-layout":"","ast-site-content-layout":"default","site-content-style":"default","site-sidebar-style":"default","ast-global-header-display":"","ast-banner-title-visibility":"","ast-main-header-display":"","ast-hfb-above-header-display":"","ast-hfb-below-header-display":"","ast-hfb-mobile-header-display":"","site-post-title":"","ast-breadcrumbs-content":"","ast-featured-img":"","footer-sml-layout":"","ast-disable-related-posts":"","theme-transparent-header-meta":"","adv-header-id-meta":"","stick-header-meta":"","header-above-stick-meta":"","header-main-stick-meta":"","header-below-stick-meta":"","astra-migrate-meta-layouts":"default","ast-page-background-enabled":"default","ast-page-background-meta":{"desktop":{"background-color":"var(--ast-global-color-5)","background-image":"","background-repeat":"repeat","background-position":"center center","background-size":"auto","background-attachment":"scroll","background-type":"","background-media":"","overlay-type":"","overlay-color":"","overlay-opacity":"","overlay-gradient":""},"tablet":{"background-color":"","background-image":"","background-repeat":"repeat","background-position":"center center","background-size":"auto","background-attachment":"scroll","background-type":"","background-media":"","overlay-type":"","overlay-color":"","overlay-opacity":"","overlay-gradient":""},"mobile":{"background-color":"","background-image":"","background-repeat":"repeat","background-position":"center center","background-size":"auto","background-attachment":"scroll","background-type":"","background-media":"","overlay-type":"","overlay-color":"","overlay-opacity":"","overlay-gradient":""}},"ast-content-background-meta":{"desktop":{"background-color":"var(--ast-global-color-4)","background-image":"","background-repeat":"repeat","background-position":"center center","background-size":"auto","background-attachment":"scroll","background-type":"","background-media":"","overlay-type":"","overlay-color":"","overlay-opacity":"","overlay-gradient":""},"tablet":{"background-color":"var(--ast-global-color-4)","background-image":"","background-repeat":"repeat","background-position":"center center","background-size":"auto","background-attachment":"scroll","background-type":"","background-media":"","overlay-type":"","overlay-color":"","overlay-opacity":"","overlay-gradient":""},"mobile":{"background-color":"var(--ast-global-color-4)","background-image":"","background-repeat":"repeat","background-position":"center center","background-size":"auto","background-attachment":"scroll","background-type":"","background-media":"","overlay-type":"","overlay-color":"","overlay-opacity":"","overlay-gradient":""}},"footnotes":""},"class_list":["post-71950","page","type-page","status-publish","hentry"],"_links":{"self":[{"href":"https:\/\/mavideniz.com.tr\/tr\/wp-json\/wp\/v2\/pages\/71950","targetHints":{"allow":["GET"]}}],"collection":[{"href":"https:\/\/mavideniz.com.tr\/tr\/wp-json\/wp\/v2\/pages"}],"about":[{"href":"https:\/\/mavideniz.com.tr\/tr\/wp-json\/wp\/v2\/types\/page"}],"author":[{"embeddable":true,"href":"https:\/\/mavideniz.com.tr\/tr\/wp-json\/wp\/v2\/users\/1"}],"replies":[{"embeddable":true,"href":"https:\/\/mavideniz.com.tr\/tr\/wp-json\/wp\/v2\/comments?post=71950"}],"version-history":[{"count":0,"href":"https:\/\/mavideniz.com.tr\/tr\/wp-json\/wp\/v2\/pages\/71950\/revisions"}],"up":[{"embeddable":true,"href":"https:\/\/mavideniz.com.tr\/tr\/wp-json\/wp\/v2\/pages\/27930"}],"wp:attachment":[{"href":"https:\/\/mavideniz.com.tr\/tr\/wp-json\/wp\/v2\/media?parent=71950"}],"curies":[{"name":"wp","href":"https:\/\/api.w.org\/{rel}","templated":true}]}}