{"id":71956,"date":"2024-01-01T18:28:46","date_gmt":"2024-01-01T18:28:46","guid":{"rendered":"https:\/\/mavideniz.com.tr\/?page_id=71956"},"modified":"2025-10-05T00:07:49","modified_gmt":"2025-10-05T00:07:49","slug":"liman-marpol-atik-alim-tesisi-kurulumu","status":"publish","type":"page","link":"https:\/\/mavideniz.com.tr\/tr\/haberler-etkinlikler\/liman-marpol-atik-alim-tesisi-kurulumu\/","title":{"rendered":"L\u0130MAN \u2013 MARPOL ATIK ALIM TES\u0130S\u0130 KURULUMU"},"content":{"rendered":"<p>MAVI DENIZ, bir gemi tedarik\u00e7isi ve ekipman \u00fcreticisi ile Marpol&#8217;\u00fcn \u00f6nde gelen at\u0131k al\u0131m tesisi sa\u011flay\u0131c\u0131s\u0131d\u0131r. Aytemiz A.\u015e. talepleri<img loading=\"lazy\" decoding=\"async\" class=\"size-full wp-image-26262 alignright\" src=\"https:\/\/mavideniz.com.tr\/wp-content\/uploads\/Media-Centre\/News-Events\/2017\/MARPOL-WASTE-RECEPTION-FACILITY-2.jpg\" alt=\"\" width=\"375\" height=\"250\" title=\"\"><br \/>\nMavi Deniz, Alanya yunus a\u00e7\u0131k deniz terminaline MARPOL at\u0131k al\u0131m tesisi sa\u011flayacak.<\/p>\n<p>MAVI DENIZ, uzman ve ki\u015fiye \u00f6zel hizmetler sa\u011flama konusunda rakipsiz bir \u00fcne sahip, lider bir uluslararas\u0131 \u00e7evre dan\u0131\u015fmanl\u0131k \u015firketidir. Marpol Servisi, deniz at\u0131k y\u00f6netiminde uzun y\u0131llara dayanan uzmanl\u0131\u011fa sahip deneyimli kadromuz taraf\u0131ndan tek bir operasyona uyarlanm\u0131\u015f, esnek ve h\u0131zl\u0131 yan\u0131t veren bir hizmet yelpazesi olu\u015fturmu\u015ftur.<\/p>\n<p>Ayr\u0131ca limanlarda deniz mavnalar\u0131 i\u015fletiyor ve a\u00e7\u0131k denizde daha b\u00fcy\u00fck hacimli at\u0131k toplama i\u015flemleri ger\u00e7ekle\u015ftiriyoruz.<\/p>\n","protected":false},"excerpt":{"rendered":"<p>MAVI DENIZ, bir gemi tedarik\u00e7isi ve ekipman \u00fcreticisi ile Marpol&#8217;\u00fcn \u00f6nde gelen at\u0131k al\u0131m tesisi sa\u011flay\u0131c\u0131s\u0131d\u0131r. Aytemiz A.\u015e. talepleri Mavi [&hellip;]<\/p>\n","protected":false},"author":1,"featured_media":0,"parent":27930,"menu_order":0,"comment_status":"closed","ping_status":"closed","template":"","meta":{"site-sidebar-layout":"default","site-content-layout":"","ast-site-content-layout":"default","site-content-style":"default","site-sidebar-style":"default","ast-global-header-display":"","ast-banner-title-visibility":"","ast-main-header-display":"","ast-hfb-above-header-display":"","ast-hfb-below-header-display":"","ast-hfb-mobile-header-display":"","site-post-title":"","ast-breadcrumbs-content":"","ast-featured-img":"","footer-sml-layout":"","ast-disable-related-posts":"","theme-transparent-header-meta":"","adv-header-id-meta":"","stick-header-meta":"","header-above-stick-meta":"","header-main-stick-meta":"","header-below-stick-meta":"","astra-migrate-meta-layouts":"default","ast-page-background-enabled":"default","ast-page-background-meta":{"desktop":{"background-color":"var(--ast-global-color-5)","background-image":"","background-repeat":"repeat","background-position":"center center","background-size":"auto","background-attachment":"scroll","background-type":"","background-media":"","overlay-type":"","overlay-color":"","overlay-opacity":"","overlay-gradient":""},"tablet":{"background-color":"","background-image":"","background-repeat":"repeat","background-position":"center center","background-size":"auto","background-attachment":"scroll","background-type":"","background-media":"","overlay-type":"","overlay-color":"","overlay-opacity":"","overlay-gradient":""},"mobile":{"background-color":"","background-image":"","background-repeat":"repeat","background-position":"center center","background-size":"auto","background-attachment":"scroll","background-type":"","background-media":"","overlay-type":"","overlay-color":"","overlay-opacity":"","overlay-gradient":""}},"ast-content-background-meta":{"desktop":{"background-color":"var(--ast-global-color-4)","background-image":"","background-repeat":"repeat","background-position":"center center","background-size":"auto","background-attachment":"scroll","background-type":"","background-media":"","overlay-type":"","overlay-color":"","overlay-opacity":"","overlay-gradient":""},"tablet":{"background-color":"var(--ast-global-color-4)","background-image":"","background-repeat":"repeat","background-position":"center center","background-size":"auto","background-attachment":"scroll","background-type":"","background-media":"","overlay-type":"","overlay-color":"","overlay-opacity":"","overlay-gradient":""},"mobile":{"background-color":"var(--ast-global-color-4)","background-image":"","background-repeat":"repeat","background-position":"center center","background-size":"auto","background-attachment":"scroll","background-type":"","background-media":"","overlay-type":"","overlay-color":"","overlay-opacity":"","overlay-gradient":""}},"footnotes":""},"class_list":["post-71956","page","type-page","status-publish","hentry"],"_links":{"self":[{"href":"https:\/\/mavideniz.com.tr\/tr\/wp-json\/wp\/v2\/pages\/71956","targetHints":{"allow":["GET"]}}],"collection":[{"href":"https:\/\/mavideniz.com.tr\/tr\/wp-json\/wp\/v2\/pages"}],"about":[{"href":"https:\/\/mavideniz.com.tr\/tr\/wp-json\/wp\/v2\/types\/page"}],"author":[{"embeddable":true,"href":"https:\/\/mavideniz.com.tr\/tr\/wp-json\/wp\/v2\/users\/1"}],"replies":[{"embeddable":true,"href":"https:\/\/mavideniz.com.tr\/tr\/wp-json\/wp\/v2\/comments?post=71956"}],"version-history":[{"count":0,"href":"https:\/\/mavideniz.com.tr\/tr\/wp-json\/wp\/v2\/pages\/71956\/revisions"}],"up":[{"embeddable":true,"href":"https:\/\/mavideniz.com.tr\/tr\/wp-json\/wp\/v2\/pages\/27930"}],"wp:attachment":[{"href":"https:\/\/mavideniz.com.tr\/tr\/wp-json\/wp\/v2\/media?parent=71956"}],"curies":[{"name":"wp","href":"https:\/\/api.w.org\/{rel}","templated":true}]}}