{"id":71964,"date":"2024-01-01T18:44:45","date_gmt":"2024-01-01T18:44:45","guid":{"rendered":"https:\/\/mavideniz.com.tr\/?page_id=71964"},"modified":"2025-10-05T00:07:49","modified_gmt":"2025-10-05T00:07:49","slug":"tasinabilir-vakum-sistemi-seysellere-teslim-edildi","status":"publish","type":"page","link":"https:\/\/mavideniz.com.tr\/tr\/haberler-etkinlikler\/tasinabilir-vakum-sistemi-seysellere-teslim-edildi\/","title":{"rendered":"TA\u015eINAB\u0130L\u0130R VAKUM S\u0130STEM\u0130 SEY\u015eELLER&#8217;E TESL\u0130M ED\u0130LD\u0130"},"content":{"rendered":"<p>19 \u015eubat 2020&#8217;de Mavi Deniz, Gulf Industrial Supply Fze ile Dubai, Birle\u015fik Arap Emirlikleri&#8217;ne Ta\u015f\u0131nabilir Vakum Sistemleri tedarik etmek \u00fczere bir<img loading=\"lazy\" decoding=\"async\" class=\"alignright wp-image-26221 size-full\" src=\"https:\/\/mavideniz.com.tr\/wp-content\/uploads\/Media-Centre\/News-Events\/2020\/PORTABLE-VACUUM-SYSTEM-Dubai-2.jpg\" width=\"375\" height=\"250\" alt=\"\" title=\"\"> s\u00f6zle\u015fme imzalad\u0131.<\/p>\n<p>Mini Vac Vakum Sistemleri, son derece etkili ve mobil \u00fcnitelerle petrol s\u0131z\u0131nt\u0131s\u0131n\u0131 gidermenin yenilik\u00e7i ve kan\u0131tlanm\u0131\u015f bir y\u00f6ntemidir. Mavi Vakum sistemleri sahillerde, hendeklerde, kanalizasyonlarda, yollarda ve zeminde mahsur kalan petrol\u00fcn toplanmas\u0131 ve daha sonra tekerlekli tanklara veya standart ya\u011f varillerine emilmesi i\u00e7in kullan\u0131l\u0131r. On beygir g\u00fcc\u00fcnde ve 150 m3\/saat vakum pompas\u0131 kapasiteli, vakum hunisi ve al\u00fcminyum emme \u00e7ubu\u011funa sahip bir dizel motorla \u00e7al\u0131\u015ft\u0131r\u0131lmaktad\u0131r.<\/p>\n","protected":false},"excerpt":{"rendered":"<p>19 \u015eubat 2020&#8217;de Mavi Deniz, Gulf Industrial Supply Fze ile Dubai, Birle\u015fik Arap Emirlikleri&#8217;ne Ta\u015f\u0131nabilir Vakum Sistemleri tedarik etmek \u00fczere [&hellip;]<\/p>\n","protected":false},"author":1,"featured_media":0,"parent":27930,"menu_order":0,"comment_status":"closed","ping_status":"closed","template":"","meta":{"site-sidebar-layout":"default","site-content-layout":"","ast-site-content-layout":"default","site-content-style":"default","site-sidebar-style":"default","ast-global-header-display":"","ast-banner-title-visibility":"","ast-main-header-display":"","ast-hfb-above-header-display":"","ast-hfb-below-header-display":"","ast-hfb-mobile-header-display":"","site-post-title":"","ast-breadcrumbs-content":"","ast-featured-img":"","footer-sml-layout":"","ast-disable-related-posts":"","theme-transparent-header-meta":"","adv-header-id-meta":"","stick-header-meta":"","header-above-stick-meta":"","header-main-stick-meta":"","header-below-stick-meta":"","astra-migrate-meta-layouts":"default","ast-page-background-enabled":"default","ast-page-background-meta":{"desktop":{"background-color":"var(--ast-global-color-5)","background-image":"","background-repeat":"repeat","background-position":"center center","background-size":"auto","background-attachment":"scroll","background-type":"","background-media":"","overlay-type":"","overlay-color":"","overlay-opacity":"","overlay-gradient":""},"tablet":{"background-color":"","background-image":"","background-repeat":"repeat","background-position":"center center","background-size":"auto","background-attachment":"scroll","background-type":"","background-media":"","overlay-type":"","overlay-color":"","overlay-opacity":"","overlay-gradient":""},"mobile":{"background-color":"","background-image":"","background-repeat":"repeat","background-position":"center center","background-size":"auto","background-attachment":"scroll","background-type":"","background-media":"","overlay-type":"","overlay-color":"","overlay-opacity":"","overlay-gradient":""}},"ast-content-background-meta":{"desktop":{"background-color":"var(--ast-global-color-4)","background-image":"","background-repeat":"repeat","background-position":"center center","background-size":"auto","background-attachment":"scroll","background-type":"","background-media":"","overlay-type":"","overlay-color":"","overlay-opacity":"","overlay-gradient":""},"tablet":{"background-color":"var(--ast-global-color-4)","background-image":"","background-repeat":"repeat","background-position":"center center","background-size":"auto","background-attachment":"scroll","background-type":"","background-media":"","overlay-type":"","overlay-color":"","overlay-opacity":"","overlay-gradient":""},"mobile":{"background-color":"var(--ast-global-color-4)","background-image":"","background-repeat":"repeat","background-position":"center center","background-size":"auto","background-attachment":"scroll","background-type":"","background-media":"","overlay-type":"","overlay-color":"","overlay-opacity":"","overlay-gradient":""}},"footnotes":""},"class_list":["post-71964","page","type-page","status-publish","hentry"],"_links":{"self":[{"href":"https:\/\/mavideniz.com.tr\/tr\/wp-json\/wp\/v2\/pages\/71964","targetHints":{"allow":["GET"]}}],"collection":[{"href":"https:\/\/mavideniz.com.tr\/tr\/wp-json\/wp\/v2\/pages"}],"about":[{"href":"https:\/\/mavideniz.com.tr\/tr\/wp-json\/wp\/v2\/types\/page"}],"author":[{"embeddable":true,"href":"https:\/\/mavideniz.com.tr\/tr\/wp-json\/wp\/v2\/users\/1"}],"replies":[{"embeddable":true,"href":"https:\/\/mavideniz.com.tr\/tr\/wp-json\/wp\/v2\/comments?post=71964"}],"version-history":[{"count":0,"href":"https:\/\/mavideniz.com.tr\/tr\/wp-json\/wp\/v2\/pages\/71964\/revisions"}],"up":[{"embeddable":true,"href":"https:\/\/mavideniz.com.tr\/tr\/wp-json\/wp\/v2\/pages\/27930"}],"wp:attachment":[{"href":"https:\/\/mavideniz.com.tr\/tr\/wp-json\/wp\/v2\/media?parent=71964"}],"curies":[{"name":"wp","href":"https:\/\/api.w.org\/{rel}","templated":true}]}}