{"id":71969,"date":"2024-01-01T19:08:56","date_gmt":"2024-01-01T19:08:56","guid":{"rendered":"https:\/\/mavideniz.com.tr\/?page_id=71969"},"modified":"2025-10-05T00:07:49","modified_gmt":"2025-10-05T00:07:49","slug":"romanya-kostanta-tersanesi-500-m-silindirik-yag-kopugu-bariyer-siparisi-verdi","status":"publish","type":"page","link":"https:\/\/mavideniz.com.tr\/tr\/haberler-etkinlikler\/romanya-kostanta-tersanesi-500-m-silindirik-yag-kopugu-bariyer-siparisi-verdi\/","title":{"rendered":"ROMANYA K\u00d6STANTA TERSANES\u0130 500 m S\u0130L\u0130ND\u0130R\u0130K YA\u011e K\u00d6P\u00dc\u011e\u00dc BAR\u0130YER S\u0130PAR\u0130\u015e\u0130 VERD\u0130"},"content":{"rendered":"<p>14 Kas\u0131m 2015 Mavi Deniz, Karadeniz b\u00f6lgesinde yer alan tersanede tankerlerden petrol s\u0131z\u0131nt\u0131s\u0131n\u0131 \u00f6nlemek amac\u0131yla Romanya, K\u00f6stence Tersanesi&#8217;ne<img loading=\"lazy\" decoding=\"async\" class=\"alignright wp-image-26470 size-full\" src=\"https:\/\/mavideniz.com.tr\/wp-content\/uploads\/Media-Centre\/News-Events\/2015\/CYLINDRICAL-OIL-FOAM-BOOM-2.jpg\" width=\"375\" height=\"250\" alt=\"\" title=\"\"> 500 m Silindirik Ya\u011f K\u00f6p\u00fc\u011f\u00fc Boom tedariki; Santierul Naval Constanta SA, d\u00fcnyan\u0131n en b\u00fcy\u00fck yeni in\u015fa ve gemi onar\u0131m tersaneleri aras\u0131nda yer al\u0131yor<\/p>\n<p>Avrupa, orta menzilli \u00fcr\u00fcnler ve kimyasal tankerler alan\u0131nda d\u00fcnyan\u0131n 3. s\u0131radaki gemi yap\u0131mc\u0131s\u0131d\u0131r.<br \/>\nBo\u011faz yoluyla deniz yoluyla ve Tuna-Karadeniz Kanal\u0131 yoluyla nehir yoluyla eri\u015filebilen Santierul Naval Constanta SA, d\u00fcnya \u00e7ap\u0131ndaki armat\u00f6rlere ve y\u00f6neticilere 200.000 DWT&#8217;a kadar denizde seyreden gemilerin in\u015fas\u0131 ve onar\u0131m\u0131 i\u00e7in ideal bir konum sunmaktad\u0131r.<\/p>\n<p>O tarihten bu yana, Santierul Naval Constanta, Romen ve yabanc\u0131 m\u00fc\u015fteriler i\u00e7in b\u00fcy\u00fck deniz gemilerinin (55.000 \/ 65.000 \/ 165.000 DWT d\u00f6kme y\u00fck gemileri; 85.000 \/ 150.000 DWT ham petrol tankerleri) g\u00fcvenilir bir tedarik\u00e7isi haline geldi.<\/p>\n","protected":false},"excerpt":{"rendered":"<p>14 Kas\u0131m 2015 Mavi Deniz, Karadeniz b\u00f6lgesinde yer alan tersanede tankerlerden petrol s\u0131z\u0131nt\u0131s\u0131n\u0131 \u00f6nlemek amac\u0131yla Romanya, K\u00f6stence Tersanesi&#8217;ne 500 m [&hellip;]<\/p>\n","protected":false},"author":1,"featured_media":0,"parent":27930,"menu_order":0,"comment_status":"closed","ping_status":"closed","template":"","meta":{"site-sidebar-layout":"default","site-content-layout":"","ast-site-content-layout":"default","site-content-style":"default","site-sidebar-style":"default","ast-global-header-display":"","ast-banner-title-visibility":"","ast-main-header-display":"","ast-hfb-above-header-display":"","ast-hfb-below-header-display":"","ast-hfb-mobile-header-display":"","site-post-title":"","ast-breadcrumbs-content":"","ast-featured-img":"","footer-sml-layout":"","ast-disable-related-posts":"","theme-transparent-header-meta":"","adv-header-id-meta":"","stick-header-meta":"","header-above-stick-meta":"","header-main-stick-meta":"","header-below-stick-meta":"","astra-migrate-meta-layouts":"default","ast-page-background-enabled":"default","ast-page-background-meta":{"desktop":{"background-color":"var(--ast-global-color-5)","background-image":"","background-repeat":"repeat","background-position":"center center","background-size":"auto","background-attachment":"scroll","background-type":"","background-media":"","overlay-type":"","overlay-color":"","overlay-opacity":"","overlay-gradient":""},"tablet":{"background-color":"","background-image":"","background-repeat":"repeat","background-position":"center center","background-size":"auto","background-attachment":"scroll","background-type":"","background-media":"","overlay-type":"","overlay-color":"","overlay-opacity":"","overlay-gradient":""},"mobile":{"background-color":"","background-image":"","background-repeat":"repeat","background-position":"center center","background-size":"auto","background-attachment":"scroll","background-type":"","background-media":"","overlay-type":"","overlay-color":"","overlay-opacity":"","overlay-gradient":""}},"ast-content-background-meta":{"desktop":{"background-color":"var(--ast-global-color-4)","background-image":"","background-repeat":"repeat","background-position":"center center","background-size":"auto","background-attachment":"scroll","background-type":"","background-media":"","overlay-type":"","overlay-color":"","overlay-opacity":"","overlay-gradient":""},"tablet":{"background-color":"var(--ast-global-color-4)","background-image":"","background-repeat":"repeat","background-position":"center center","background-size":"auto","background-attachment":"scroll","background-type":"","background-media":"","overlay-type":"","overlay-color":"","overlay-opacity":"","overlay-gradient":""},"mobile":{"background-color":"var(--ast-global-color-4)","background-image":"","background-repeat":"repeat","background-position":"center center","background-size":"auto","background-attachment":"scroll","background-type":"","background-media":"","overlay-type":"","overlay-color":"","overlay-opacity":"","overlay-gradient":""}},"footnotes":""},"class_list":["post-71969","page","type-page","status-publish","hentry"],"_links":{"self":[{"href":"https:\/\/mavideniz.com.tr\/tr\/wp-json\/wp\/v2\/pages\/71969","targetHints":{"allow":["GET"]}}],"collection":[{"href":"https:\/\/mavideniz.com.tr\/tr\/wp-json\/wp\/v2\/pages"}],"about":[{"href":"https:\/\/mavideniz.com.tr\/tr\/wp-json\/wp\/v2\/types\/page"}],"author":[{"embeddable":true,"href":"https:\/\/mavideniz.com.tr\/tr\/wp-json\/wp\/v2\/users\/1"}],"replies":[{"embeddable":true,"href":"https:\/\/mavideniz.com.tr\/tr\/wp-json\/wp\/v2\/comments?post=71969"}],"version-history":[{"count":0,"href":"https:\/\/mavideniz.com.tr\/tr\/wp-json\/wp\/v2\/pages\/71969\/revisions"}],"up":[{"embeddable":true,"href":"https:\/\/mavideniz.com.tr\/tr\/wp-json\/wp\/v2\/pages\/27930"}],"wp:attachment":[{"href":"https:\/\/mavideniz.com.tr\/tr\/wp-json\/wp\/v2\/media?parent=71969"}],"curies":[{"name":"wp","href":"https:\/\/api.w.org\/{rel}","templated":true}]}}