{"id":71974,"date":"2024-01-01T19:11:42","date_gmt":"2024-01-01T19:11:42","guid":{"rendered":"https:\/\/mavideniz.com.tr\/?page_id=71974"},"modified":"2025-10-05T00:07:49","modified_gmt":"2025-10-05T00:07:49","slug":"kendinden-sisen-yag-borusu-siliye-sevk-edildi","status":"publish","type":"page","link":"https:\/\/mavideniz.com.tr\/tr\/haberler-etkinlikler\/kendinden-sisen-yag-borusu-siliye-sevk-edildi\/","title":{"rendered":"KEND\u0130NDEN \u015e\u0130\u015eEN YA\u011e BORUSU \u015e\u0130L\u0130&#8217;YE SEVK ED\u0130LD\u0130"},"content":{"rendered":"<p>12 Eyl\u00fcl 2020, Mavi Deniz ile Kendili\u011finden \u015ei\u015febilen Ya\u011f Bariyerinin geni\u015f yelpazedeki alet ve aksesuarlar\u0131n\u0131 sa\u011flamak \u00fczere s\u00f6zle\u015fme imzaland\u0131.<\/p>\n<p>Mavi Deniz Kendili\u011finden \u015ei\u015febilen Bariyer, korumal\u0131 sudan okyanusa kadar \u00e7e\u015fitli ko\u015fullarda kullan\u0131ma uygun hale getiren HIZLI M\u00dcDAHALE<img loading=\"lazy\" decoding=\"async\" class=\"size-full wp-image-26150 alignright\" src=\"https:\/\/mavideniz.com.tr\/wp-content\/uploads\/Media-Centre\/News-Events\/2020\/SELF-INFLATABLE-OIL-BOOM-2.jpg\" alt=\"\" width=\"375\" height=\"250\" title=\"\"> konu\u015fland\u0131rma bariyeridir.<\/p>\n<p>Kendili\u011finden \u015ei\u015febilen Bariyer, h\u0131zla kendi kendine \u015fi\u015fen, h\u0131zl\u0131 yan\u0131t veren acil durum da\u011f\u0131t\u0131m perdesi tipi bir bariyerdir. Y\u00fczd\u00fcrme odas\u0131 silindiriktir ve bariyer uzunlu\u011fu boyunca e\u015fit aral\u0131klarla yerle\u015ftirilmi\u015f bir dizi yar\u0131 sert, hafif \u00e7emberin eklenmesiyle \u015feklini ve stabilitesini korur.<\/p>\n<p>Konteynerlerden veya tekne g\u00fcvertesinden konu\u015fland\u0131r\u0131l\u0131r. Kendili\u011finden \u015fi\u015fen bomlar, d\u00fcnya \u00e7ap\u0131ndaki di\u011fer havayla \u015fi\u015febilen bomlardan daha h\u0131zl\u0131 a\u00e7\u0131lacakt\u0131r. Sa\u011flam tek y\u00f6nl\u00fc \u015fi\u015firme \u00e7ek valfleri, y\u00fczd\u00fcrme haznesinin \u00fcst k\u0131sm\u0131 boyunca aral\u0131klarla yerle\u015ftirilmi\u015ftir. A\u00e7\u0131lma s\u0131ras\u0131ndaki basit gerilim, bariyer geni\u015flemesine ve otomatik olarak kendi kendine \u015fi\u015fmesine neden olur.<\/p>\n","protected":false},"excerpt":{"rendered":"<p>12 Eyl\u00fcl 2020, Mavi Deniz ile Kendili\u011finden \u015ei\u015febilen Ya\u011f Bariyerinin geni\u015f yelpazedeki alet ve aksesuarlar\u0131n\u0131 sa\u011flamak \u00fczere s\u00f6zle\u015fme imzaland\u0131. Mavi [&hellip;]<\/p>\n","protected":false},"author":1,"featured_media":0,"parent":27930,"menu_order":0,"comment_status":"closed","ping_status":"closed","template":"","meta":{"site-sidebar-layout":"default","site-content-layout":"","ast-site-content-layout":"default","site-content-style":"default","site-sidebar-style":"default","ast-global-header-display":"","ast-banner-title-visibility":"","ast-main-header-display":"","ast-hfb-above-header-display":"","ast-hfb-below-header-display":"","ast-hfb-mobile-header-display":"","site-post-title":"","ast-breadcrumbs-content":"","ast-featured-img":"","footer-sml-layout":"","ast-disable-related-posts":"","theme-transparent-header-meta":"","adv-header-id-meta":"","stick-header-meta":"","header-above-stick-meta":"","header-main-stick-meta":"","header-below-stick-meta":"","astra-migrate-meta-layouts":"default","ast-page-background-enabled":"default","ast-page-background-meta":{"desktop":{"background-color":"var(--ast-global-color-5)","background-image":"","background-repeat":"repeat","background-position":"center center","background-size":"auto","background-attachment":"scroll","background-type":"","background-media":"","overlay-type":"","overlay-color":"","overlay-opacity":"","overlay-gradient":""},"tablet":{"background-color":"","background-image":"","background-repeat":"repeat","background-position":"center center","background-size":"auto","background-attachment":"scroll","background-type":"","background-media":"","overlay-type":"","overlay-color":"","overlay-opacity":"","overlay-gradient":""},"mobile":{"background-color":"","background-image":"","background-repeat":"repeat","background-position":"center center","background-size":"auto","background-attachment":"scroll","background-type":"","background-media":"","overlay-type":"","overlay-color":"","overlay-opacity":"","overlay-gradient":""}},"ast-content-background-meta":{"desktop":{"background-color":"var(--ast-global-color-4)","background-image":"","background-repeat":"repeat","background-position":"center center","background-size":"auto","background-attachment":"scroll","background-type":"","background-media":"","overlay-type":"","overlay-color":"","overlay-opacity":"","overlay-gradient":""},"tablet":{"background-color":"var(--ast-global-color-4)","background-image":"","background-repeat":"repeat","background-position":"center center","background-size":"auto","background-attachment":"scroll","background-type":"","background-media":"","overlay-type":"","overlay-color":"","overlay-opacity":"","overlay-gradient":""},"mobile":{"background-color":"var(--ast-global-color-4)","background-image":"","background-repeat":"repeat","background-position":"center center","background-size":"auto","background-attachment":"scroll","background-type":"","background-media":"","overlay-type":"","overlay-color":"","overlay-opacity":"","overlay-gradient":""}},"footnotes":""},"class_list":["post-71974","page","type-page","status-publish","hentry"],"_links":{"self":[{"href":"https:\/\/mavideniz.com.tr\/tr\/wp-json\/wp\/v2\/pages\/71974","targetHints":{"allow":["GET"]}}],"collection":[{"href":"https:\/\/mavideniz.com.tr\/tr\/wp-json\/wp\/v2\/pages"}],"about":[{"href":"https:\/\/mavideniz.com.tr\/tr\/wp-json\/wp\/v2\/types\/page"}],"author":[{"embeddable":true,"href":"https:\/\/mavideniz.com.tr\/tr\/wp-json\/wp\/v2\/users\/1"}],"replies":[{"embeddable":true,"href":"https:\/\/mavideniz.com.tr\/tr\/wp-json\/wp\/v2\/comments?post=71974"}],"version-history":[{"count":0,"href":"https:\/\/mavideniz.com.tr\/tr\/wp-json\/wp\/v2\/pages\/71974\/revisions"}],"up":[{"embeddable":true,"href":"https:\/\/mavideniz.com.tr\/tr\/wp-json\/wp\/v2\/pages\/27930"}],"wp:attachment":[{"href":"https:\/\/mavideniz.com.tr\/tr\/wp-json\/wp\/v2\/media?parent=71974"}],"curies":[{"name":"wp","href":"https:\/\/api.w.org\/{rel}","templated":true}]}}