{"id":71984,"date":"2024-01-01T19:14:23","date_gmt":"2024-01-01T19:14:23","guid":{"rendered":"https:\/\/mavideniz.com.tr\/?page_id=71984"},"modified":"2025-10-05T00:07:49","modified_gmt":"2025-10-05T00:07:49","slug":"silt-perde-maltaya-teslimat","status":"publish","type":"page","link":"https:\/\/mavideniz.com.tr\/tr\/haberler-etkinlikler\/silt-perde-maltaya-teslimat\/","title":{"rendered":"S\u0130LT PERDE MALTA&#8217;YA TESL\u0130MAT"},"content":{"rendered":"<p>02 Nisan 2021, Mavi Deniz, Ula\u015ft\u0131rma, Altyap\u0131 ve Sermaye Bakanl\u0131\u011f\u0131 Projelerine 120 m silt perde tedariki i\u00e7in anla\u015fma imzalad\u0131.<img loading=\"lazy\" decoding=\"async\" class=\"size-full wp-image-26589 alignright\" src=\"https:\/\/mavideniz.com.tr\/wp-content\/uploads\/Media-Centre\/News-Events\/2021\/SILT-CURTAIN-DELIVER-MALTA-1.jpg\" alt=\"\" width=\"375\" height=\"250\" title=\"\"><br \/>\nMalta. Mavi Deniz&#8217;in bulan\u0131kl\u0131k perdeleri\/bulan\u0131kl\u0131k bariyerleri\/silt perdeleri veya silt bariyerleri ve suda ya\u015fayan bitki bariyerleri, sudaki veya deniz kenar\u0131ndaki in\u015faat faaliyetleri ve tarama operasyonlar\u0131 yoluyla bulan\u0131kl\u0131\u011f\u0131n, siltin ve \u00e7\u00f6keltilerin ve su bitkilerinin da\u011f\u0131l\u0131m\u0131n\u0131 kontrol alt\u0131na almak ve kontrol etmek i\u00e7in a\u00e7\u0131k\u00e7a tasarlanm\u0131\u015ft\u0131r. Bulan\u0131kl\u0131k kontrol uzmanlar\u0131m\u0131z, projeniz i\u00e7in ge\u00e7erli olabilecek t\u00fcm d\u00fczenlemelere ve gereksinimlere uyman\u0131za yard\u0131mc\u0131 olacakt\u0131r.<\/p>\n<p><strong>Silt Perdesi<\/strong><\/p>\n<p>Tip III<br \/>\nEtek \u00d6l\u00fcm\u00fc: 2 m<br \/>\nB\u00f6l\u00fcm: 25 m<br \/>\nFribord: 300 mm<br \/>\nMalzeme : PVC \/ Geotekstil<\/p>\n","protected":false},"excerpt":{"rendered":"<p>02 Nisan 2021, Mavi Deniz, Ula\u015ft\u0131rma, Altyap\u0131 ve Sermaye Bakanl\u0131\u011f\u0131 Projelerine 120 m silt perde tedariki i\u00e7in anla\u015fma imzalad\u0131. Malta. [&hellip;]<\/p>\n","protected":false},"author":1,"featured_media":0,"parent":27930,"menu_order":0,"comment_status":"closed","ping_status":"closed","template":"","meta":{"site-sidebar-layout":"default","site-content-layout":"","ast-site-content-layout":"default","site-content-style":"default","site-sidebar-style":"default","ast-global-header-display":"","ast-banner-title-visibility":"","ast-main-header-display":"","ast-hfb-above-header-display":"","ast-hfb-below-header-display":"","ast-hfb-mobile-header-display":"","site-post-title":"","ast-breadcrumbs-content":"","ast-featured-img":"","footer-sml-layout":"","ast-disable-related-posts":"","theme-transparent-header-meta":"","adv-header-id-meta":"","stick-header-meta":"","header-above-stick-meta":"","header-main-stick-meta":"","header-below-stick-meta":"","astra-migrate-meta-layouts":"default","ast-page-background-enabled":"default","ast-page-background-meta":{"desktop":{"background-color":"var(--ast-global-color-5)","background-image":"","background-repeat":"repeat","background-position":"center center","background-size":"auto","background-attachment":"scroll","background-type":"","background-media":"","overlay-type":"","overlay-color":"","overlay-opacity":"","overlay-gradient":""},"tablet":{"background-color":"","background-image":"","background-repeat":"repeat","background-position":"center center","background-size":"auto","background-attachment":"scroll","background-type":"","background-media":"","overlay-type":"","overlay-color":"","overlay-opacity":"","overlay-gradient":""},"mobile":{"background-color":"","background-image":"","background-repeat":"repeat","background-position":"center center","background-size":"auto","background-attachment":"scroll","background-type":"","background-media":"","overlay-type":"","overlay-color":"","overlay-opacity":"","overlay-gradient":""}},"ast-content-background-meta":{"desktop":{"background-color":"var(--ast-global-color-4)","background-image":"","background-repeat":"repeat","background-position":"center center","background-size":"auto","background-attachment":"scroll","background-type":"","background-media":"","overlay-type":"","overlay-color":"","overlay-opacity":"","overlay-gradient":""},"tablet":{"background-color":"var(--ast-global-color-4)","background-image":"","background-repeat":"repeat","background-position":"center center","background-size":"auto","background-attachment":"scroll","background-type":"","background-media":"","overlay-type":"","overlay-color":"","overlay-opacity":"","overlay-gradient":""},"mobile":{"background-color":"var(--ast-global-color-4)","background-image":"","background-repeat":"repeat","background-position":"center center","background-size":"auto","background-attachment":"scroll","background-type":"","background-media":"","overlay-type":"","overlay-color":"","overlay-opacity":"","overlay-gradient":""}},"footnotes":""},"class_list":["post-71984","page","type-page","status-publish","hentry"],"_links":{"self":[{"href":"https:\/\/mavideniz.com.tr\/tr\/wp-json\/wp\/v2\/pages\/71984","targetHints":{"allow":["GET"]}}],"collection":[{"href":"https:\/\/mavideniz.com.tr\/tr\/wp-json\/wp\/v2\/pages"}],"about":[{"href":"https:\/\/mavideniz.com.tr\/tr\/wp-json\/wp\/v2\/types\/page"}],"author":[{"embeddable":true,"href":"https:\/\/mavideniz.com.tr\/tr\/wp-json\/wp\/v2\/users\/1"}],"replies":[{"embeddable":true,"href":"https:\/\/mavideniz.com.tr\/tr\/wp-json\/wp\/v2\/comments?post=71984"}],"version-history":[{"count":0,"href":"https:\/\/mavideniz.com.tr\/tr\/wp-json\/wp\/v2\/pages\/71984\/revisions"}],"up":[{"embeddable":true,"href":"https:\/\/mavideniz.com.tr\/tr\/wp-json\/wp\/v2\/pages\/27930"}],"wp:attachment":[{"href":"https:\/\/mavideniz.com.tr\/tr\/wp-json\/wp\/v2\/media?parent=71984"}],"curies":[{"name":"wp","href":"https:\/\/api.w.org\/{rel}","templated":true}]}}