{"id":72001,"date":"2024-01-01T19:24:47","date_gmt":"2024-01-01T19:24:47","guid":{"rendered":"https:\/\/mavideniz.com.tr\/?page_id=72001"},"modified":"2025-10-05T00:07:48","modified_gmt":"2025-10-05T00:07:48","slug":"socar-m-v-efe-yagiz-tanker-petrol-bariyer-montaj","status":"publish","type":"page","link":"https:\/\/mavideniz.com.tr\/tr\/haberler-etkinlikler\/socar-m-v-efe-yagiz-tanker-petrol-bariyer-montaj\/","title":{"rendered":"SOCAR &#8211; M\/V EFE YA\u011eIZ TANKER PETROL BAR\u0130YER MONTAJ"},"content":{"rendered":"<p>17 \u015eubat 2017, Mavi Deniz, SOCAR firmas\u0131ndan kiralanan ve ikmal operasyonlar\u0131 s\u0131ras\u0131nda petrol s\u0131z\u0131nt\u0131s\u0131n\u0131 \u00f6nlemek amac\u0131yla i\u015fletmede olan M\/V Efe<img loading=\"lazy\" decoding=\"async\" class=\"alignright wp-image-26316 size-full\" src=\"https:\/\/mavideniz.com.tr\/wp-content\/uploads\/Media-Centre\/News-Events\/2017\/Oil-TANKER-OIL-BOOM-2.jpg\" width=\"375\" height=\"250\" alt=\"\" title=\"\"> Ya\u011f\u0131z petrol tankerine, petrol bariyerleri ve bariyer tamburu hidrolik g\u00fc\u00e7 \u00fcniteleri dahil olmak \u00fczere 1. Seviye Petrol S\u0131z\u0131nt\u0131s\u0131 M\u00fcdahale Ekipman\u0131 tedarik etti. terminaller.<\/p>\n<p>LOA: 66,05 M<br \/>\nY.B.P.: 61.53 M<br \/>\nG.R.T.: 858 MT<br \/>\nKuzeydo\u011fu: 431 MT<br \/>\nKALIPLANMI\u015e DER\u0130NL\u0130K: 4,8 M<br \/>\nKALIPLANMI\u015e GEN\u0130\u015eL\u0130K:9,6 M<br \/>\nYAZ DWT: 1501 MT<br \/>\nYER DE\u011e\u0130\u015e\u0130M\u0130: 2163 MT<br \/>\nHULL: B.R. 100A5 M \u00dcR\u00dcN TANKER\u0130<br \/>\nKAYIT SINIFI : T\u00dcRK LOYDU<br \/>\nMOTOR G\u00dcC\u00dc: 1000 BHP<br \/>\nGEM\u0130 T\u0130P\u0130: PETROL \u00dcR\u00dcNLER\u0130 TANKER\u0130<br \/>\nTANK KAPAS\u0130TES\u0130: 553,41 M3<\/p>\n","protected":false},"excerpt":{"rendered":"<p>17 \u015eubat 2017, Mavi Deniz, SOCAR firmas\u0131ndan kiralanan ve ikmal operasyonlar\u0131 s\u0131ras\u0131nda petrol s\u0131z\u0131nt\u0131s\u0131n\u0131 \u00f6nlemek amac\u0131yla i\u015fletmede olan M\/V Efe [&hellip;]<\/p>\n","protected":false},"author":1,"featured_media":0,"parent":27930,"menu_order":0,"comment_status":"closed","ping_status":"closed","template":"","meta":{"site-sidebar-layout":"default","site-content-layout":"","ast-site-content-layout":"default","site-content-style":"default","site-sidebar-style":"default","ast-global-header-display":"","ast-banner-title-visibility":"","ast-main-header-display":"","ast-hfb-above-header-display":"","ast-hfb-below-header-display":"","ast-hfb-mobile-header-display":"","site-post-title":"","ast-breadcrumbs-content":"","ast-featured-img":"","footer-sml-layout":"","ast-disable-related-posts":"","theme-transparent-header-meta":"","adv-header-id-meta":"","stick-header-meta":"","header-above-stick-meta":"","header-main-stick-meta":"","header-below-stick-meta":"","astra-migrate-meta-layouts":"default","ast-page-background-enabled":"default","ast-page-background-meta":{"desktop":{"background-color":"var(--ast-global-color-5)","background-image":"","background-repeat":"repeat","background-position":"center center","background-size":"auto","background-attachment":"scroll","background-type":"","background-media":"","overlay-type":"","overlay-color":"","overlay-opacity":"","overlay-gradient":""},"tablet":{"background-color":"","background-image":"","background-repeat":"repeat","background-position":"center center","background-size":"auto","background-attachment":"scroll","background-type":"","background-media":"","overlay-type":"","overlay-color":"","overlay-opacity":"","overlay-gradient":""},"mobile":{"background-color":"","background-image":"","background-repeat":"repeat","background-position":"center center","background-size":"auto","background-attachment":"scroll","background-type":"","background-media":"","overlay-type":"","overlay-color":"","overlay-opacity":"","overlay-gradient":""}},"ast-content-background-meta":{"desktop":{"background-color":"var(--ast-global-color-4)","background-image":"","background-repeat":"repeat","background-position":"center center","background-size":"auto","background-attachment":"scroll","background-type":"","background-media":"","overlay-type":"","overlay-color":"","overlay-opacity":"","overlay-gradient":""},"tablet":{"background-color":"var(--ast-global-color-4)","background-image":"","background-repeat":"repeat","background-position":"center center","background-size":"auto","background-attachment":"scroll","background-type":"","background-media":"","overlay-type":"","overlay-color":"","overlay-opacity":"","overlay-gradient":""},"mobile":{"background-color":"var(--ast-global-color-4)","background-image":"","background-repeat":"repeat","background-position":"center center","background-size":"auto","background-attachment":"scroll","background-type":"","background-media":"","overlay-type":"","overlay-color":"","overlay-opacity":"","overlay-gradient":""}},"footnotes":""},"class_list":["post-72001","page","type-page","status-publish","hentry"],"_links":{"self":[{"href":"https:\/\/mavideniz.com.tr\/tr\/wp-json\/wp\/v2\/pages\/72001","targetHints":{"allow":["GET"]}}],"collection":[{"href":"https:\/\/mavideniz.com.tr\/tr\/wp-json\/wp\/v2\/pages"}],"about":[{"href":"https:\/\/mavideniz.com.tr\/tr\/wp-json\/wp\/v2\/types\/page"}],"author":[{"embeddable":true,"href":"https:\/\/mavideniz.com.tr\/tr\/wp-json\/wp\/v2\/users\/1"}],"replies":[{"embeddable":true,"href":"https:\/\/mavideniz.com.tr\/tr\/wp-json\/wp\/v2\/comments?post=72001"}],"version-history":[{"count":0,"href":"https:\/\/mavideniz.com.tr\/tr\/wp-json\/wp\/v2\/pages\/72001\/revisions"}],"up":[{"embeddable":true,"href":"https:\/\/mavideniz.com.tr\/tr\/wp-json\/wp\/v2\/pages\/27930"}],"wp:attachment":[{"href":"https:\/\/mavideniz.com.tr\/tr\/wp-json\/wp\/v2\/media?parent=72001"}],"curies":[{"name":"wp","href":"https:\/\/api.w.org\/{rel}","templated":true}]}}