{"id":72006,"date":"2024-01-01T19:28:40","date_gmt":"2024-01-01T19:28:40","guid":{"rendered":"https:\/\/mavideniz.com.tr\/?page_id=72006"},"modified":"2025-10-05T00:07:48","modified_gmt":"2025-10-05T00:07:48","slug":"ispanya-650-m-petrol-dokuntusu-onleme-bariyeri","status":"publish","type":"page","link":"https:\/\/mavideniz.com.tr\/tr\/haberler-etkinlikler\/ispanya-650-m-petrol-dokuntusu-onleme-bariyeri\/","title":{"rendered":"\u0130SPANYA \u2013 650 M PETROL D\u00d6K\u00dcNT\u00dcS\u00dc \u00d6NLEME BAR\u0130YER\u0130"},"content":{"rendered":"<p>MAVI DEN\u0130Z, \u0130spanya&#8217;ya Tenerife&#8217;den Las Palmas liman\u0131na kadar uzanan sondaj gemilerine 650 metrelik kal\u0131c\u0131 petrol bariyeri sa\u011fl\u0131yor<img loading=\"lazy\" decoding=\"async\" class=\"alignright wp-image-25978 size-full\" src=\"https:\/\/mavideniz.com.tr\/wp-content\/uploads\/Media-Centre\/News-Events\/2018\/OIL-SPILL-PERMANENT-BOOM-2.jpg\" width=\"375\" height=\"250\" alt=\"\" title=\"\">.<br \/>\n.<br \/>\nA\u015fa\u011f\u0131daki \u00f6zelliklere sahip a\u011f\u0131r hizmet tipi ve petrol s\u0131z\u0131nt\u0131s\u0131 muhafaza etme bariyeri:<\/p>\n<p>Toplam Y\u00fckseklik: 20\u201d (500 mm)<br \/>\nFribord: 6\u201d (150 mm)<br \/>\nTaslak: 14\u201d (350 mm)<br \/>\nB\u00f6l\u00fcm Uzunlu\u011fu: 82 fit (25 m)<br \/>\nKal\u0131nl\u0131k: 0,180\u201d (4,57 mm)<br \/>\nB\u00f6l\u00fcm Say\u0131s\u0131: 26<br \/>\nB\u00f6l\u00fcm ba\u015f\u0131na \u015famand\u0131ra say\u0131s\u0131: 50<br \/>\nBelting: Goodyear 150 PVM. Nihai<br \/>\n\u00e7ekme mukavemeti, mm ba\u015f\u0131na 262 N veya ba\u015f\u0131na 1500 Lbs<br \/>\nin\u00e7. 30.000 Lbs (133 kN) toplam \u00e7ekme mukavemeti,<br \/>\nY\u00fczd\u00fcrme: Sahil G\u00fcvenlik onayl\u0131 kapal\u0131 h\u00fccreli k\u00f6p\u00fck i\u00e7eren 4,5 kg&#8217;l\u0131k kal\u0131planm\u0131\u015f polietilen hazneler.<br \/>\n\u015eamand\u0131ra Rengi: Uluslararas\u0131 Turuncu\/Sar\u0131<br \/>\nKonekt\u00f6rler: Deniz S\u0131n\u0131f\u0131 Al\u00fcminyum ASTM<\/p>\n","protected":false},"excerpt":{"rendered":"<p>MAVI DEN\u0130Z, \u0130spanya&#8217;ya Tenerife&#8217;den Las Palmas liman\u0131na kadar uzanan sondaj gemilerine 650 metrelik kal\u0131c\u0131 petrol bariyeri sa\u011fl\u0131yor. . A\u015fa\u011f\u0131daki \u00f6zelliklere [&hellip;]<\/p>\n","protected":false},"author":1,"featured_media":0,"parent":27930,"menu_order":0,"comment_status":"closed","ping_status":"closed","template":"","meta":{"site-sidebar-layout":"default","site-content-layout":"","ast-site-content-layout":"default","site-content-style":"default","site-sidebar-style":"default","ast-global-header-display":"","ast-banner-title-visibility":"","ast-main-header-display":"","ast-hfb-above-header-display":"","ast-hfb-below-header-display":"","ast-hfb-mobile-header-display":"","site-post-title":"","ast-breadcrumbs-content":"","ast-featured-img":"","footer-sml-layout":"","ast-disable-related-posts":"","theme-transparent-header-meta":"","adv-header-id-meta":"","stick-header-meta":"","header-above-stick-meta":"","header-main-stick-meta":"","header-below-stick-meta":"","astra-migrate-meta-layouts":"default","ast-page-background-enabled":"default","ast-page-background-meta":{"desktop":{"background-color":"var(--ast-global-color-5)","background-image":"","background-repeat":"repeat","background-position":"center center","background-size":"auto","background-attachment":"scroll","background-type":"","background-media":"","overlay-type":"","overlay-color":"","overlay-opacity":"","overlay-gradient":""},"tablet":{"background-color":"","background-image":"","background-repeat":"repeat","background-position":"center center","background-size":"auto","background-attachment":"scroll","background-type":"","background-media":"","overlay-type":"","overlay-color":"","overlay-opacity":"","overlay-gradient":""},"mobile":{"background-color":"","background-image":"","background-repeat":"repeat","background-position":"center center","background-size":"auto","background-attachment":"scroll","background-type":"","background-media":"","overlay-type":"","overlay-color":"","overlay-opacity":"","overlay-gradient":""}},"ast-content-background-meta":{"desktop":{"background-color":"var(--ast-global-color-4)","background-image":"","background-repeat":"repeat","background-position":"center center","background-size":"auto","background-attachment":"scroll","background-type":"","background-media":"","overlay-type":"","overlay-color":"","overlay-opacity":"","overlay-gradient":""},"tablet":{"background-color":"var(--ast-global-color-4)","background-image":"","background-repeat":"repeat","background-position":"center center","background-size":"auto","background-attachment":"scroll","background-type":"","background-media":"","overlay-type":"","overlay-color":"","overlay-opacity":"","overlay-gradient":""},"mobile":{"background-color":"var(--ast-global-color-4)","background-image":"","background-repeat":"repeat","background-position":"center center","background-size":"auto","background-attachment":"scroll","background-type":"","background-media":"","overlay-type":"","overlay-color":"","overlay-opacity":"","overlay-gradient":""}},"footnotes":""},"class_list":["post-72006","page","type-page","status-publish","hentry"],"_links":{"self":[{"href":"https:\/\/mavideniz.com.tr\/tr\/wp-json\/wp\/v2\/pages\/72006","targetHints":{"allow":["GET"]}}],"collection":[{"href":"https:\/\/mavideniz.com.tr\/tr\/wp-json\/wp\/v2\/pages"}],"about":[{"href":"https:\/\/mavideniz.com.tr\/tr\/wp-json\/wp\/v2\/types\/page"}],"author":[{"embeddable":true,"href":"https:\/\/mavideniz.com.tr\/tr\/wp-json\/wp\/v2\/users\/1"}],"replies":[{"embeddable":true,"href":"https:\/\/mavideniz.com.tr\/tr\/wp-json\/wp\/v2\/comments?post=72006"}],"version-history":[{"count":0,"href":"https:\/\/mavideniz.com.tr\/tr\/wp-json\/wp\/v2\/pages\/72006\/revisions"}],"up":[{"embeddable":true,"href":"https:\/\/mavideniz.com.tr\/tr\/wp-json\/wp\/v2\/pages\/27930"}],"wp:attachment":[{"href":"https:\/\/mavideniz.com.tr\/tr\/wp-json\/wp\/v2\/media?parent=72006"}],"curies":[{"name":"wp","href":"https:\/\/api.w.org\/{rel}","templated":true}]}}