{"id":72013,"date":"2024-01-01T19:34:03","date_gmt":"2024-01-01T19:34:03","guid":{"rendered":"https:\/\/mavideniz.com.tr\/?page_id=72013"},"modified":"2024-01-01T19:34:05","modified_gmt":"2024-01-01T19:34:05","slug":"gemiden-gemiye-sts-transfer-islemi-5-adet-usturmaca","status":"publish","type":"page","link":"https:\/\/mavideniz.com.tr\/tr\/haberler-etkinlikler\/gemiden-gemiye-sts-transfer-islemi-5-adet-usturmaca\/","title":{"rendered":"GEM\u0130DEN GEM\u0130YE (STS) TRANSFER \u0130\u015eLEM\u0130 &#8211; 5 ADET USTURMA\u00c7A"},"content":{"rendered":"<p>MAVI DEN\u0130Z, Bulgar m\u00fc\u015fterisi armat\u00f6re Uzunluk 4 m x 2,5 m boyutlar\u0131nda 5 adet Yokohoma Fender&#8217;\u0131 03.Ocak.2015 tarihinde tedarik etmi\u015ftir. Gemiden gemiye (STS) transfer i\u015flemleri, terminaller ve her t\u00fcrl\u00fc gemi i\u00e7in d\u00fcnya \u00e7ap\u0131nda y\u00fczer pn\u00f6matik usturma\u00e7a.<\/p>\n<p><strong>Gemiden gemiye transfer i\u015flemi (STS)<\/strong><\/p>\n<p>Pn\u00f6matik veya k\u00f6p\u00fck elastomerler gibi y\u00fczer usturma\u00e7lar tipik olarak iki gemi aras\u0131nda yak\u0131t ikmali i\u00e7in kullan\u0131l\u0131r. Bug\u00fcnk\u00fc kurulu\u015fundan bu yana, gemiden gemiye ve gemiden r\u0131ht\u0131ma operasyonlar i\u00e7in d\u00fcnya \u00e7ap\u0131nda 500&#8217;den fazla usturma\u00e7a tedarik edilmi\u015f ve de\u011ferli m\u00fc\u015fterilerimize hizmet verilmi\u015ftir.<\/p>\n<p>Bu usturma\u00e7alar, gemi yana\u015fma ve demirleme i\u015flemlerinin g\u00fcvenli bir \u015fekilde y\u00fcr\u00fct\u00fclmesinde kritik bir rol oynamaktad\u0131r.<\/p>\n<p>Usturma\u00e7a, kinetik enerjiyi veya geminin iskeleye, r\u0131ht\u0131m duvar\u0131na veya di\u011fer gemilere yana\u015fmas\u0131n\u0131 emen bir tampondur.<\/p>\n<p>Usturma\u00e7alar teknelere, gemilere ve yana\u015fma yap\u0131lar\u0131na zarar gelmesini \u00f6nler.<\/p>\n<p>Usturma\u00e7alar genellikle bunu yapmak i\u00e7in y\u00fcksek enerji emilimine ve d\u00fc\u015f\u00fck reaksiyon kuvvetine sahiptir. \u00c7amurluklar tipik olarak kau\u00e7uk ve k\u00f6p\u00fck elastomerden \u00fcretilir. Bir uygulama i\u00e7in en uygun usturma\u00e7a tipi, geminin boyutlar\u0131 ve yer de\u011fi\u015ftirmesi, izin verilen maksimum mesafe, yana\u015fma yap\u0131s\u0131, gelgit de\u011fi\u015fiklikleri ve di\u011fer r\u0131ht\u0131ma \u00f6zg\u00fc ko\u015fullar dahil olmak \u00fczere bir\u00e7ok de\u011fi\u015fkene ba\u011fl\u0131d\u0131r. \u00c7amurluk \u00fcnitesinin boyutu, geminin yana\u015fma h\u0131z\u0131n\u0131n karesiyle ili\u015fkili olan yana\u015fma enerjisine dayanmaktad\u0131r.<\/p>\n","protected":false},"excerpt":{"rendered":"<p>MAVI DEN\u0130Z, Bulgar m\u00fc\u015fterisi armat\u00f6re Uzunluk 4 m x 2,5 m boyutlar\u0131nda 5 adet Yokohoma Fender&#8217;\u0131 03.Ocak.2015 tarihinde tedarik etmi\u015ftir. [&hellip;]<\/p>\n","protected":false},"author":1,"featured_media":0,"parent":27930,"menu_order":0,"comment_status":"closed","ping_status":"closed","template":"","meta":{"site-sidebar-layout":"default","site-content-layout":"","ast-site-content-layout":"default","site-content-style":"default","site-sidebar-style":"default","ast-global-header-display":"","ast-banner-title-visibility":"","ast-main-header-display":"","ast-hfb-above-header-display":"","ast-hfb-below-header-display":"","ast-hfb-mobile-header-display":"","site-post-title":"","ast-breadcrumbs-content":"","ast-featured-img":"","footer-sml-layout":"","ast-disable-related-posts":"","theme-transparent-header-meta":"","adv-header-id-meta":"","stick-header-meta":"","header-above-stick-meta":"","header-main-stick-meta":"","header-below-stick-meta":"","astra-migrate-meta-layouts":"default","ast-page-background-enabled":"default","ast-page-background-meta":{"desktop":{"background-color":"var(--ast-global-color-5)","background-image":"","background-repeat":"repeat","background-position":"center center","background-size":"auto","background-attachment":"scroll","background-type":"","background-media":"","overlay-type":"","overlay-color":"","overlay-opacity":"","overlay-gradient":""},"tablet":{"background-color":"","background-image":"","background-repeat":"repeat","background-position":"center center","background-size":"auto","background-attachment":"scroll","background-type":"","background-media":"","overlay-type":"","overlay-color":"","overlay-opacity":"","overlay-gradient":""},"mobile":{"background-color":"","background-image":"","background-repeat":"repeat","background-position":"center center","background-size":"auto","background-attachment":"scroll","background-type":"","background-media":"","overlay-type":"","overlay-color":"","overlay-opacity":"","overlay-gradient":""}},"ast-content-background-meta":{"desktop":{"background-color":"var(--ast-global-color-4)","background-image":"","background-repeat":"repeat","background-position":"center center","background-size":"auto","background-attachment":"scroll","background-type":"","background-media":"","overlay-type":"","overlay-color":"","overlay-opacity":"","overlay-gradient":""},"tablet":{"background-color":"var(--ast-global-color-4)","background-image":"","background-repeat":"repeat","background-position":"center center","background-size":"auto","background-attachment":"scroll","background-type":"","background-media":"","overlay-type":"","overlay-color":"","overlay-opacity":"","overlay-gradient":""},"mobile":{"background-color":"var(--ast-global-color-4)","background-image":"","background-repeat":"repeat","background-position":"center center","background-size":"auto","background-attachment":"scroll","background-type":"","background-media":"","overlay-type":"","overlay-color":"","overlay-opacity":"","overlay-gradient":""}},"footnotes":""},"class_list":["post-72013","page","type-page","status-publish","hentry"],"_links":{"self":[{"href":"https:\/\/mavideniz.com.tr\/tr\/wp-json\/wp\/v2\/pages\/72013","targetHints":{"allow":["GET"]}}],"collection":[{"href":"https:\/\/mavideniz.com.tr\/tr\/wp-json\/wp\/v2\/pages"}],"about":[{"href":"https:\/\/mavideniz.com.tr\/tr\/wp-json\/wp\/v2\/types\/page"}],"author":[{"embeddable":true,"href":"https:\/\/mavideniz.com.tr\/tr\/wp-json\/wp\/v2\/users\/1"}],"replies":[{"embeddable":true,"href":"https:\/\/mavideniz.com.tr\/tr\/wp-json\/wp\/v2\/comments?post=72013"}],"version-history":[{"count":0,"href":"https:\/\/mavideniz.com.tr\/tr\/wp-json\/wp\/v2\/pages\/72013\/revisions"}],"up":[{"embeddable":true,"href":"https:\/\/mavideniz.com.tr\/tr\/wp-json\/wp\/v2\/pages\/27930"}],"wp:attachment":[{"href":"https:\/\/mavideniz.com.tr\/tr\/wp-json\/wp\/v2\/media?parent=72013"}],"curies":[{"name":"wp","href":"https:\/\/api.w.org\/{rel}","templated":true}]}}