{"id":72020,"date":"2017-04-19T19:38:00","date_gmt":"2017-04-19T19:38:00","guid":{"rendered":"https:\/\/mavideniz.com.tr\/?page_id=72020"},"modified":"2024-04-22T22:47:42","modified_gmt":"2024-04-22T22:47:42","slug":"via-port-marina-uzerinden-1-kademe-petrol-dokuntusune-mudahale-hizmeti","status":"publish","type":"page","link":"https:\/\/mavideniz.com.tr\/tr\/servislerimiz\/petrol-sizintisi-mudahalesi-onleme\/petrol-sizintisi-mudahale-operasyonlari-yonetimi\/via-port-marina-uzerinden-1-kademe-petrol-dokuntusune-mudahale-hizmeti\/","title":{"rendered":"V\u0130A PORT MAR\u0130NA \u00dcZER\u0130NDEN 1. KADEME PETROL D\u00d6K\u00dcNT\u00dcS\u00dcNE M\u00dcDAHALE H\u0130ZMET\u0130"},"content":{"rendered":"<p>19 Nisan 2017 tarihinde Viaport Marina Tuzla K\u00f6rfezi&#8217;nde petrol s\u0131z\u0131nt\u0131s\u0131 meydana geldi. Mavi Deniz, son derece deneyimli \u00e7evresel m\u00fcdahale<img loading=\"lazy\" decoding=\"async\" class=\"size-full wp-image-26282 alignright\" src=\"https:\/\/mavideniz.com.tr\/wp-content\/uploads\/Media-Centre\/News-Events\/2017\/MARINA-Oil-Spill-Response-2.jpg\" alt=\"\" width=\"375\" height=\"250\" title=\"\"> personelimiz ile Tier 1 petrol s\u0131z\u0131nt\u0131s\u0131na m\u00fcdahale hizmetleri sunmaktad\u0131r.<\/p>\n<p>Mavi Deniz, \u00e7evreyi tehdit eden s\u0131z\u0131nt\u0131yla ilgili her t\u00fcrl\u00fc olaya petrol s\u0131z\u0131nt\u0131s\u0131 m\u00fcdahale hizmetleri sa\u011flama konusunda deneyime sahiptir.<\/p>\n<p>Y\u00fcksek e\u011fitimli petrol s\u0131z\u0131nt\u0131s\u0131 m\u00fcdahale personelimiz end\u00fcstriyel, k\u0131y\u0131 ve a\u00e7\u0131k deniz tesislerini kapsayan 500&#8217;den fazla olayla ilgilenmektedir.<br \/>\n\u200b<\/p>\n","protected":false},"excerpt":{"rendered":"<p>19 Nisan 2017 tarihinde Viaport Marina Tuzla K\u00f6rfezi&#8217;nde petrol s\u0131z\u0131nt\u0131s\u0131 meydana geldi. Mavi Deniz, son derece deneyimli \u00e7evresel m\u00fcdahale personelimiz [&hellip;]<\/p>\n","protected":false},"author":1,"featured_media":0,"parent":28192,"menu_order":0,"comment_status":"closed","ping_status":"closed","template":"","meta":{"site-sidebar-layout":"default","site-content-layout":"","ast-site-content-layout":"default","site-content-style":"default","site-sidebar-style":"default","ast-global-header-display":"","ast-banner-title-visibility":"","ast-main-header-display":"","ast-hfb-above-header-display":"","ast-hfb-below-header-display":"","ast-hfb-mobile-header-display":"","site-post-title":"","ast-breadcrumbs-content":"","ast-featured-img":"","footer-sml-layout":"","ast-disable-related-posts":"","theme-transparent-header-meta":"","adv-header-id-meta":"","stick-header-meta":"","header-above-stick-meta":"","header-main-stick-meta":"","header-below-stick-meta":"","astra-migrate-meta-layouts":"default","ast-page-background-enabled":"default","ast-page-background-meta":{"desktop":{"background-color":"var(--ast-global-color-5)","background-image":"","background-repeat":"repeat","background-position":"center center","background-size":"auto","background-attachment":"scroll","background-type":"","background-media":"","overlay-type":"","overlay-color":"","overlay-opacity":"","overlay-gradient":""},"tablet":{"background-color":"","background-image":"","background-repeat":"repeat","background-position":"center center","background-size":"auto","background-attachment":"scroll","background-type":"","background-media":"","overlay-type":"","overlay-color":"","overlay-opacity":"","overlay-gradient":""},"mobile":{"background-color":"","background-image":"","background-repeat":"repeat","background-position":"center center","background-size":"auto","background-attachment":"scroll","background-type":"","background-media":"","overlay-type":"","overlay-color":"","overlay-opacity":"","overlay-gradient":""}},"ast-content-background-meta":{"desktop":{"background-color":"var(--ast-global-color-4)","background-image":"","background-repeat":"repeat","background-position":"center center","background-size":"auto","background-attachment":"scroll","background-type":"","background-media":"","overlay-type":"","overlay-color":"","overlay-opacity":"","overlay-gradient":""},"tablet":{"background-color":"var(--ast-global-color-4)","background-image":"","background-repeat":"repeat","background-position":"center center","background-size":"auto","background-attachment":"scroll","background-type":"","background-media":"","overlay-type":"","overlay-color":"","overlay-opacity":"","overlay-gradient":""},"mobile":{"background-color":"var(--ast-global-color-4)","background-image":"","background-repeat":"repeat","background-position":"center center","background-size":"auto","background-attachment":"scroll","background-type":"","background-media":"","overlay-type":"","overlay-color":"","overlay-opacity":"","overlay-gradient":""}},"footnotes":""},"class_list":["post-72020","page","type-page","status-publish","hentry"],"_links":{"self":[{"href":"https:\/\/mavideniz.com.tr\/tr\/wp-json\/wp\/v2\/pages\/72020","targetHints":{"allow":["GET"]}}],"collection":[{"href":"https:\/\/mavideniz.com.tr\/tr\/wp-json\/wp\/v2\/pages"}],"about":[{"href":"https:\/\/mavideniz.com.tr\/tr\/wp-json\/wp\/v2\/types\/page"}],"author":[{"embeddable":true,"href":"https:\/\/mavideniz.com.tr\/tr\/wp-json\/wp\/v2\/users\/1"}],"replies":[{"embeddable":true,"href":"https:\/\/mavideniz.com.tr\/tr\/wp-json\/wp\/v2\/comments?post=72020"}],"version-history":[{"count":0,"href":"https:\/\/mavideniz.com.tr\/tr\/wp-json\/wp\/v2\/pages\/72020\/revisions"}],"up":[{"embeddable":true,"href":"https:\/\/mavideniz.com.tr\/tr\/wp-json\/wp\/v2\/pages\/28192"}],"wp:attachment":[{"href":"https:\/\/mavideniz.com.tr\/tr\/wp-json\/wp\/v2\/media?parent=72020"}],"curies":[{"name":"wp","href":"https:\/\/api.w.org\/{rel}","templated":true}]}}