{"id":72036,"date":"2024-01-01T19:44:03","date_gmt":"2024-01-01T19:44:03","guid":{"rendered":"https:\/\/mavideniz.com.tr\/?page_id=72036"},"modified":"2025-10-05T00:07:48","modified_gmt":"2025-10-05T00:07:48","slug":"acik-denizde-3-kademe-petrol-dokuntusune-mudahale-hizmeti","status":"publish","type":"page","link":"https:\/\/mavideniz.com.tr\/tr\/haberler-etkinlikler\/acik-denizde-3-kademe-petrol-dokuntusune-mudahale-hizmeti\/","title":{"rendered":"A\u00c7IK DEN\u0130ZDE 3. KADEME PETROL D\u00d6K\u00dcNT\u00dcS\u00dcNE M\u00dcDAHALE H\u0130ZMET\u0130"},"content":{"rendered":"<p>MAVI DENIZ, Pakistan Offshore Oil Company ile Tier 3 petrol s\u0131z\u0131nt\u0131s\u0131 m\u00fcdahale hizmetleri ve a\u00e7\u0131k deniz b\u00f6lgesinde SPM (Tek Noktal\u0131 Demirleme) hizmetleri s\u0131ras\u0131nda petrol s\u0131z\u0131nt\u0131s\u0131n\u0131 \u00f6nlemek i\u00e7in petrol bariyerlerinin, ya\u011f s\u0131y\u0131r\u0131c\u0131lar\u0131n\u0131n, emicilerin, depolama tanklar\u0131n\u0131n ve gemilerin konu\u015fland\u0131r\u0131lmas\u0131 <img loading=\"lazy\" decoding=\"async\" class=\"alignleft wp-image-26348 size-full\" src=\"https:\/\/mavideniz.com.tr\/wp-content\/uploads\/Media-Centre\/News-Events\/2016\/TIER-3-OIL-SPILL-RESPONSE-SERVICES-AT-OFFSHORE-1.jpg\" width=\"375\" height=\"250\" alt=\"\" title=\"\">i\u00e7in bir anla\u015fma imzalad\u0131. KM, Pakistan B\u00f6lgesi i\u00e7indeki Hub Belucistan&#8217;daki &#8216;Khalifa Noktas\u0131&#8217;n\u0131n bat\u0131s\u0131nda. \u015eamand\u0131ra, alt\u0131 adet \u00e7apa, zincir sistemi ve yard\u0131mc\u0131 ekipmanlar kullan\u0131larak ortalama 25 metre derinli\u011fe konumland\u0131r\u0131lmaktad\u0131r.<\/p>\n<p>Terminalin ayr\u0131lmaz bile\u015fenleri olan deniz alt\u0131 boru hatt\u0131, Boru Hatt\u0131 U\u00e7 Manifoldu (PLEM), deniz alt\u0131 hortumlar\u0131 ve y\u00fczer hortumlar, ham petrol\u00fc tanker ile k\u0131y\u0131 tanklar\u0131 aras\u0131nda aktar\u0131r. SPM, 3,0 metrelik \u00f6nemli bir dalga y\u00fcksekli\u011finde ve 30 knot r\u00fczgar h\u0131z\u0131nda yana\u015fma kriterlerine sahip, 100.000 DWT&#8217;ye kadar olan gemileri almak \u00fczere tasarlanm\u0131\u015ft\u0131r.<\/p>\n<p>Bir olay olmas\u0131 durumunda Mavi Deniz Grubu, k\u00fcresel acil m\u00fcdahale tesislerimizden e\u011fitimli ve deneyimli olay y\u00f6neticilerini, teknik ve uzman bilimsel personeli ve m\u00fcdahaleye haz\u0131r ekipman\u0131 derhal harekete ge\u00e7irecektir.<\/p>\n<p>Mavi Deniz Grubu, olay de\u011ferlendirmesi ve dan\u0131\u015fmanl\u0131k, s\u0131z\u0131nt\u0131 y\u00f6netimi, teknik destek, m\u00fcdahale lojisti\u011fi, planlama ve y\u00f6netim, ekipman\u0131n konu\u015fland\u0131r\u0131lmas\u0131\/i\u015fletilmesi ve at\u0131k y\u00f6netimi dahil olmak \u00fczere \u00e7ok \u00e7e\u015fitli hizmetler sa\u011flayabilir.<\/p>\n<p><strong>T\u00fcm olaylarda d\u00fcnya \u00e7ap\u0131nda Petrol ve HNS Acil Durum M\u00fcdahalesi sa\u011fl\u0131yoruz:<\/strong><\/p>\n<ul>\n<li>Karada, k\u0131y\u0131ya yak\u0131n ve a\u00e7\u0131k denizde meydana gelen s\u0131z\u0131nt\u0131lar i\u00e7in Kademe 1, Kademe 2 ve Kademe 3 m\u00fcdahale ve kurtarma<\/li>\n<li>Kuzey Kutbu&#8217;ndan Amazon ormanlar\u0131na kadar t\u00fcm ortamlarda yan\u0131t<\/li>\n<li>Da\u011f\u0131t\u0131c\u0131 ve yerinde yakma dahil alternatif teknoloji uygulamalar\u0131<\/li>\n<li>Bat\u0131k\/ar\u0131zal\u0131 gemiden s\u0131\u011f\u0131naklar\u0131n ve kargonun pompalanmas\u0131<\/li>\n<li>Gemiden gemiye veya gemiden k\u0131y\u0131ya transfer<\/li>\n<li>Bat\u0131k veya karaya oturan gemilerden hidrokarbonlar\u0131n ve kargonun bo\u015falt\u0131lmas\u0131<\/li>\n<li>Kirlenmi\u015f\/y\u0131pranm\u0131\u015f kargonun iyile\u015ftirilmesi ve elle\u00e7lenmesi<\/li>\n<li>Kurtarma\/enkaz kald\u0131rma deste\u011fi<\/li>\n<li>Ya\u011fl\u0131 ve kimyasal at\u0131klar\u0131n\/kal\u0131nt\u0131lar\u0131n y\u00f6netimi<\/li>\n<li>Rota\/kargo kapsam\u0131 hizmet s\u00f6zle\u015fmeleri<\/li>\n<li>Acil durum dan\u0131\u015fman\u0131 destek hizmetleri<\/li>\n<li>Tehlikeli ve Zararl\u0131 Maddeler (HNS) m\u00fcdahalesi<\/li>\n<\/ul>\n","protected":false},"excerpt":{"rendered":"<p>MAVI DENIZ, Pakistan Offshore Oil Company ile Tier 3 petrol s\u0131z\u0131nt\u0131s\u0131 m\u00fcdahale hizmetleri ve a\u00e7\u0131k deniz b\u00f6lgesinde SPM (Tek Noktal\u0131 [&hellip;]<\/p>\n","protected":false},"author":1,"featured_media":0,"parent":27930,"menu_order":0,"comment_status":"closed","ping_status":"closed","template":"","meta":{"site-sidebar-layout":"default","site-content-layout":"","ast-site-content-layout":"default","site-content-style":"default","site-sidebar-style":"default","ast-global-header-display":"","ast-banner-title-visibility":"","ast-main-header-display":"","ast-hfb-above-header-display":"","ast-hfb-below-header-display":"","ast-hfb-mobile-header-display":"","site-post-title":"","ast-breadcrumbs-content":"","ast-featured-img":"","footer-sml-layout":"","ast-disable-related-posts":"","theme-transparent-header-meta":"","adv-header-id-meta":"","stick-header-meta":"","header-above-stick-meta":"","header-main-stick-meta":"","header-below-stick-meta":"","astra-migrate-meta-layouts":"default","ast-page-background-enabled":"default","ast-page-background-meta":{"desktop":{"background-color":"var(--ast-global-color-5)","background-image":"","background-repeat":"repeat","background-position":"center center","background-size":"auto","background-attachment":"scroll","background-type":"","background-media":"","overlay-type":"","overlay-color":"","overlay-opacity":"","overlay-gradient":""},"tablet":{"background-color":"","background-image":"","background-repeat":"repeat","background-position":"center center","background-size":"auto","background-attachment":"scroll","background-type":"","background-media":"","overlay-type":"","overlay-color":"","overlay-opacity":"","overlay-gradient":""},"mobile":{"background-color":"","background-image":"","background-repeat":"repeat","background-position":"center center","background-size":"auto","background-attachment":"scroll","background-type":"","background-media":"","overlay-type":"","overlay-color":"","overlay-opacity":"","overlay-gradient":""}},"ast-content-background-meta":{"desktop":{"background-color":"var(--ast-global-color-4)","background-image":"","background-repeat":"repeat","background-position":"center center","background-size":"auto","background-attachment":"scroll","background-type":"","background-media":"","overlay-type":"","overlay-color":"","overlay-opacity":"","overlay-gradient":""},"tablet":{"background-color":"var(--ast-global-color-4)","background-image":"","background-repeat":"repeat","background-position":"center center","background-size":"auto","background-attachment":"scroll","background-type":"","background-media":"","overlay-type":"","overlay-color":"","overlay-opacity":"","overlay-gradient":""},"mobile":{"background-color":"var(--ast-global-color-4)","background-image":"","background-repeat":"repeat","background-position":"center center","background-size":"auto","background-attachment":"scroll","background-type":"","background-media":"","overlay-type":"","overlay-color":"","overlay-opacity":"","overlay-gradient":""}},"footnotes":""},"class_list":["post-72036","page","type-page","status-publish","hentry"],"_links":{"self":[{"href":"https:\/\/mavideniz.com.tr\/tr\/wp-json\/wp\/v2\/pages\/72036","targetHints":{"allow":["GET"]}}],"collection":[{"href":"https:\/\/mavideniz.com.tr\/tr\/wp-json\/wp\/v2\/pages"}],"about":[{"href":"https:\/\/mavideniz.com.tr\/tr\/wp-json\/wp\/v2\/types\/page"}],"author":[{"embeddable":true,"href":"https:\/\/mavideniz.com.tr\/tr\/wp-json\/wp\/v2\/users\/1"}],"replies":[{"embeddable":true,"href":"https:\/\/mavideniz.com.tr\/tr\/wp-json\/wp\/v2\/comments?post=72036"}],"version-history":[{"count":0,"href":"https:\/\/mavideniz.com.tr\/tr\/wp-json\/wp\/v2\/pages\/72036\/revisions"}],"up":[{"embeddable":true,"href":"https:\/\/mavideniz.com.tr\/tr\/wp-json\/wp\/v2\/pages\/27930"}],"wp:attachment":[{"href":"https:\/\/mavideniz.com.tr\/tr\/wp-json\/wp\/v2\/media?parent=72036"}],"curies":[{"name":"wp","href":"https:\/\/api.w.org\/{rel}","templated":true}]}}