{"id":72044,"date":"2024-01-01T19:46:46","date_gmt":"2024-01-01T19:46:46","guid":{"rendered":"https:\/\/mavideniz.com.tr\/?page_id=72044"},"modified":"2025-10-05T00:07:48","modified_gmt":"2025-10-05T00:07:48","slug":"romork-montajli-vakum-sistemi-pakistan-omv-rafinerisine-teslim-edildi","status":"publish","type":"page","link":"https:\/\/mavideniz.com.tr\/tr\/haberler-etkinlikler\/romork-montajli-vakum-sistemi-pakistan-omv-rafinerisine-teslim-edildi\/","title":{"rendered":"R\u00d6MORK MONTAJLI VAKUM S\u0130STEM\u0130 PAK\u0130STAN &#8211; OMV RAF\u0130NER\u0130S\u0130NE TESL\u0130M ED\u0130LD\u0130"},"content":{"rendered":"<p>21 A\u011fustos 2017 tarihinde Mavi Deniz, Omv Maurice Energy Limited ile, yo\u011fu\u015fma suyunun \u00e7\u0131kar\u0131lmas\u0131 ve geri kazan\u0131lan ya\u011flar\u0131n ve s\u0131v\u0131lar\u0131n bertaraf\u0131 i\u00e7in<img loading=\"lazy\" decoding=\"async\" class=\"size-full wp-image-25917 alignright\" src=\"https:\/\/mavideniz.com.tr\/wp-content\/uploads\/Media-Centre\/News-Events\/2018\/TRAILER-MOUNTED-VACUUM-SYSTEM-2.jpg\" alt=\"\" width=\"375\" height=\"250\" title=\"\"> 25 hp dizel motorlu, r\u00f6morka monteli bir vakum tank\u0131 tedarik etmek \u00fczere bir s\u00f6zle\u015fme imzalad\u0131.<\/p>\n<p>Mavi Deniz, T\u00fcrkiye&#8217;de D\u00f6k\u00fclme m\u00fcdahale uzmanl\u0131\u011f\u0131 ve destek hizmetlerinin lider tedarik\u00e7isidir.<br \/>\nMavi Deniz, T\u00fcrkiye genelinde t\u00fcm sanayi t\u00fcrlerine kapsaml\u0131 i\u00e7 kirlilik m\u00fcdahale hizmetleri sunan az say\u0131daki \u015firketten biridir. Bu, m\u00fc\u015fterilerimizin, m\u00fc\u015fterilerimizin ticari ve d\u00fczenleyici ortam\u0131na ili\u015fkin de\u011ferli, derinlemesine bilgiden faydalanmas\u0131na olanak tan\u0131r.<br \/>\nAyr\u0131ca d\u00f6k\u00fclmeye m\u00fcdahalede g\u00fcvenlik a\u00e7\u0131s\u0131ndan en bilin\u00e7li tedarik\u00e7ilerden biriyiz.<\/p>\n","protected":false},"excerpt":{"rendered":"<p>21 A\u011fustos 2017 tarihinde Mavi Deniz, Omv Maurice Energy Limited ile, yo\u011fu\u015fma suyunun \u00e7\u0131kar\u0131lmas\u0131 ve geri kazan\u0131lan ya\u011flar\u0131n ve s\u0131v\u0131lar\u0131n [&hellip;]<\/p>\n","protected":false},"author":1,"featured_media":0,"parent":27930,"menu_order":0,"comment_status":"closed","ping_status":"closed","template":"","meta":{"site-sidebar-layout":"default","site-content-layout":"","ast-site-content-layout":"default","site-content-style":"default","site-sidebar-style":"default","ast-global-header-display":"","ast-banner-title-visibility":"","ast-main-header-display":"","ast-hfb-above-header-display":"","ast-hfb-below-header-display":"","ast-hfb-mobile-header-display":"","site-post-title":"","ast-breadcrumbs-content":"","ast-featured-img":"","footer-sml-layout":"","ast-disable-related-posts":"","theme-transparent-header-meta":"","adv-header-id-meta":"","stick-header-meta":"","header-above-stick-meta":"","header-main-stick-meta":"","header-below-stick-meta":"","astra-migrate-meta-layouts":"default","ast-page-background-enabled":"default","ast-page-background-meta":{"desktop":{"background-color":"var(--ast-global-color-5)","background-image":"","background-repeat":"repeat","background-position":"center center","background-size":"auto","background-attachment":"scroll","background-type":"","background-media":"","overlay-type":"","overlay-color":"","overlay-opacity":"","overlay-gradient":""},"tablet":{"background-color":"","background-image":"","background-repeat":"repeat","background-position":"center center","background-size":"auto","background-attachment":"scroll","background-type":"","background-media":"","overlay-type":"","overlay-color":"","overlay-opacity":"","overlay-gradient":""},"mobile":{"background-color":"","background-image":"","background-repeat":"repeat","background-position":"center center","background-size":"auto","background-attachment":"scroll","background-type":"","background-media":"","overlay-type":"","overlay-color":"","overlay-opacity":"","overlay-gradient":""}},"ast-content-background-meta":{"desktop":{"background-color":"var(--ast-global-color-4)","background-image":"","background-repeat":"repeat","background-position":"center center","background-size":"auto","background-attachment":"scroll","background-type":"","background-media":"","overlay-type":"","overlay-color":"","overlay-opacity":"","overlay-gradient":""},"tablet":{"background-color":"var(--ast-global-color-4)","background-image":"","background-repeat":"repeat","background-position":"center center","background-size":"auto","background-attachment":"scroll","background-type":"","background-media":"","overlay-type":"","overlay-color":"","overlay-opacity":"","overlay-gradient":""},"mobile":{"background-color":"var(--ast-global-color-4)","background-image":"","background-repeat":"repeat","background-position":"center center","background-size":"auto","background-attachment":"scroll","background-type":"","background-media":"","overlay-type":"","overlay-color":"","overlay-opacity":"","overlay-gradient":""}},"footnotes":""},"class_list":["post-72044","page","type-page","status-publish","hentry"],"_links":{"self":[{"href":"https:\/\/mavideniz.com.tr\/tr\/wp-json\/wp\/v2\/pages\/72044","targetHints":{"allow":["GET"]}}],"collection":[{"href":"https:\/\/mavideniz.com.tr\/tr\/wp-json\/wp\/v2\/pages"}],"about":[{"href":"https:\/\/mavideniz.com.tr\/tr\/wp-json\/wp\/v2\/types\/page"}],"author":[{"embeddable":true,"href":"https:\/\/mavideniz.com.tr\/tr\/wp-json\/wp\/v2\/users\/1"}],"replies":[{"embeddable":true,"href":"https:\/\/mavideniz.com.tr\/tr\/wp-json\/wp\/v2\/comments?post=72044"}],"version-history":[{"count":0,"href":"https:\/\/mavideniz.com.tr\/tr\/wp-json\/wp\/v2\/pages\/72044\/revisions"}],"up":[{"embeddable":true,"href":"https:\/\/mavideniz.com.tr\/tr\/wp-json\/wp\/v2\/pages\/27930"}],"wp:attachment":[{"href":"https:\/\/mavideniz.com.tr\/tr\/wp-json\/wp\/v2\/media?parent=72044"}],"curies":[{"name":"wp","href":"https:\/\/api.w.org\/{rel}","templated":true}]}}