{"id":72049,"date":"2024-01-01T19:51:22","date_gmt":"2024-01-01T19:51:22","guid":{"rendered":"https:\/\/mavideniz.com.tr\/?page_id=72049"},"modified":"2025-10-05T00:07:48","modified_gmt":"2025-10-05T00:07:48","slug":"ozbekistan-barajina-cop-bariyeri","status":"publish","type":"page","link":"https:\/\/mavideniz.com.tr\/tr\/haberler-etkinlikler\/ozbekistan-barajina-cop-bariyeri\/","title":{"rendered":"\u00d6ZBEK\u0130STAN BARAJINA \u00c7\u00d6P BAR\u0130YER\u0130"},"content":{"rendered":"<p>27 Mart 2019 tarihinde M\u00fc\u015fteri ihtiya\u00e7lar\u0131 do\u011frultusunda HDPE&#8217;den yap\u0131lan \u00e7\u00f6p bariyerinin m\u00fchendisli\u011fini sa\u011flamak \u00fczere Mavi Deniz ile s\u00f6zle\u015fme<img loading=\"lazy\" decoding=\"async\" class=\"alignright wp-image-25869 size-full\" src=\"https:\/\/mavideniz.com.tr\/wp-content\/uploads\/Media-Centre\/News-Events\/2019\/TRASH-BARRIER-DAM-2.jpg\" width=\"375\" height=\"250\" alt=\"\" title=\"\"> imzalanarak devreye al\u0131nm\u0131\u015ft\u0131r.<\/p>\n<p>Mavi Deniz y\u00fczer enkaz kontrol\u00fcnde D\u00fcnya Lideridir. Y\u00fczen \u00e7\u00f6pleri, milf\u00f6y ve s\u00fcmb\u00fcl gibi istilac\u0131 su bitkilerini, y\u00fczen \u00e7\u00f6pleri, a\u011fa\u00e7lar\u0131, yapraklar\u0131, \u00e7ubuklar\u0131 ve di\u011fer y\u00fczen d\u00f6k\u00fcnt\u00fcleri kontrol etmek i\u00e7in birden fazla k\u00fct\u00fck ve enkaz bariyer sistemi sunuyoruz.<\/p>\n<p><strong>\u00d6zellikler<\/strong><\/p>\n<p>Kat\u0131 y\u00fczen at\u0131klar\u0131n ve yar\u0131 bat\u0131k makro kirleticilerin (plastik, bitkiler, teneke kutular, ah\u015fap, algler, deniz yosunu vb.) durdurulmas\u0131<\/p>\n","protected":false},"excerpt":{"rendered":"<p>27 Mart 2019 tarihinde M\u00fc\u015fteri ihtiya\u00e7lar\u0131 do\u011frultusunda HDPE&#8217;den yap\u0131lan \u00e7\u00f6p bariyerinin m\u00fchendisli\u011fini sa\u011flamak \u00fczere Mavi Deniz ile s\u00f6zle\u015fme imzalanarak devreye [&hellip;]<\/p>\n","protected":false},"author":1,"featured_media":0,"parent":27930,"menu_order":0,"comment_status":"closed","ping_status":"closed","template":"","meta":{"site-sidebar-layout":"default","site-content-layout":"","ast-site-content-layout":"default","site-content-style":"default","site-sidebar-style":"default","ast-global-header-display":"","ast-banner-title-visibility":"","ast-main-header-display":"","ast-hfb-above-header-display":"","ast-hfb-below-header-display":"","ast-hfb-mobile-header-display":"","site-post-title":"","ast-breadcrumbs-content":"","ast-featured-img":"","footer-sml-layout":"","ast-disable-related-posts":"","theme-transparent-header-meta":"","adv-header-id-meta":"","stick-header-meta":"","header-above-stick-meta":"","header-main-stick-meta":"","header-below-stick-meta":"","astra-migrate-meta-layouts":"default","ast-page-background-enabled":"default","ast-page-background-meta":{"desktop":{"background-color":"var(--ast-global-color-5)","background-image":"","background-repeat":"repeat","background-position":"center center","background-size":"auto","background-attachment":"scroll","background-type":"","background-media":"","overlay-type":"","overlay-color":"","overlay-opacity":"","overlay-gradient":""},"tablet":{"background-color":"","background-image":"","background-repeat":"repeat","background-position":"center center","background-size":"auto","background-attachment":"scroll","background-type":"","background-media":"","overlay-type":"","overlay-color":"","overlay-opacity":"","overlay-gradient":""},"mobile":{"background-color":"","background-image":"","background-repeat":"repeat","background-position":"center center","background-size":"auto","background-attachment":"scroll","background-type":"","background-media":"","overlay-type":"","overlay-color":"","overlay-opacity":"","overlay-gradient":""}},"ast-content-background-meta":{"desktop":{"background-color":"var(--ast-global-color-4)","background-image":"","background-repeat":"repeat","background-position":"center center","background-size":"auto","background-attachment":"scroll","background-type":"","background-media":"","overlay-type":"","overlay-color":"","overlay-opacity":"","overlay-gradient":""},"tablet":{"background-color":"var(--ast-global-color-4)","background-image":"","background-repeat":"repeat","background-position":"center center","background-size":"auto","background-attachment":"scroll","background-type":"","background-media":"","overlay-type":"","overlay-color":"","overlay-opacity":"","overlay-gradient":""},"mobile":{"background-color":"var(--ast-global-color-4)","background-image":"","background-repeat":"repeat","background-position":"center center","background-size":"auto","background-attachment":"scroll","background-type":"","background-media":"","overlay-type":"","overlay-color":"","overlay-opacity":"","overlay-gradient":""}},"footnotes":""},"class_list":["post-72049","page","type-page","status-publish","hentry"],"_links":{"self":[{"href":"https:\/\/mavideniz.com.tr\/tr\/wp-json\/wp\/v2\/pages\/72049","targetHints":{"allow":["GET"]}}],"collection":[{"href":"https:\/\/mavideniz.com.tr\/tr\/wp-json\/wp\/v2\/pages"}],"about":[{"href":"https:\/\/mavideniz.com.tr\/tr\/wp-json\/wp\/v2\/types\/page"}],"author":[{"embeddable":true,"href":"https:\/\/mavideniz.com.tr\/tr\/wp-json\/wp\/v2\/users\/1"}],"replies":[{"embeddable":true,"href":"https:\/\/mavideniz.com.tr\/tr\/wp-json\/wp\/v2\/comments?post=72049"}],"version-history":[{"count":0,"href":"https:\/\/mavideniz.com.tr\/tr\/wp-json\/wp\/v2\/pages\/72049\/revisions"}],"up":[{"embeddable":true,"href":"https:\/\/mavideniz.com.tr\/tr\/wp-json\/wp\/v2\/pages\/27930"}],"wp:attachment":[{"href":"https:\/\/mavideniz.com.tr\/tr\/wp-json\/wp\/v2\/media?parent=72049"}],"curies":[{"name":"wp","href":"https:\/\/api.w.org\/{rel}","templated":true}]}}