{"id":72056,"date":"2024-01-01T19:53:06","date_gmt":"2024-01-01T19:53:06","guid":{"rendered":"https:\/\/mavideniz.com.tr\/?page_id=72056"},"modified":"2024-01-01T19:53:08","modified_gmt":"2024-01-01T19:53:08","slug":"hidroelektrik-santraline-cop-onleyici-kuruldu","status":"publish","type":"page","link":"https:\/\/mavideniz.com.tr\/tr\/haberler-etkinlikler\/hidroelektrik-santraline-cop-onleyici-kuruldu\/","title":{"rendered":"H\u0130DROELEKTR\u0130K SANTRAL\u0130NE \u00c7\u00d6P \u00d6NLEY\u0130C\u0130 KURULDU"},"content":{"rendered":"<p>10 Mart 2016&#8217;ya g\u00f6re hidroelektrik g\u00fcc\u00fcn \u00e7o\u011fu, su t\u00fcrbinini ve jenerat\u00f6r\u00fc \u00e7al\u0131\u015ft\u0131ran barajl\u0131 suyun potansiyel enerjisinden geliyor. Sudan elde edilen g\u00fc\u00e7, hacmine ve kaynak ile suyun \u00e7\u0131k\u0131\u015f\u0131 aras\u0131ndaki y\u00fckseklik fark\u0131na ba\u011fl\u0131d\u0131r.<br \/>\nBu y\u00fckseklik fark\u0131na kafa denir. B\u00fcy\u00fck bir boru (&#8220;cebri boru&#8221;) rezervuardan t\u00fcrbine su iletir.<\/p>\n","protected":false},"excerpt":{"rendered":"<p>10 Mart 2016&#8217;ya g\u00f6re hidroelektrik g\u00fcc\u00fcn \u00e7o\u011fu, su t\u00fcrbinini ve jenerat\u00f6r\u00fc \u00e7al\u0131\u015ft\u0131ran barajl\u0131 suyun potansiyel enerjisinden geliyor. Sudan elde edilen [&hellip;]<\/p>\n","protected":false},"author":1,"featured_media":0,"parent":27930,"menu_order":0,"comment_status":"closed","ping_status":"closed","template":"","meta":{"site-sidebar-layout":"default","site-content-layout":"","ast-site-content-layout":"default","site-content-style":"default","site-sidebar-style":"default","ast-global-header-display":"","ast-banner-title-visibility":"","ast-main-header-display":"","ast-hfb-above-header-display":"","ast-hfb-below-header-display":"","ast-hfb-mobile-header-display":"","site-post-title":"","ast-breadcrumbs-content":"","ast-featured-img":"","footer-sml-layout":"","ast-disable-related-posts":"","theme-transparent-header-meta":"","adv-header-id-meta":"","stick-header-meta":"","header-above-stick-meta":"","header-main-stick-meta":"","header-below-stick-meta":"","astra-migrate-meta-layouts":"default","ast-page-background-enabled":"default","ast-page-background-meta":{"desktop":{"background-color":"var(--ast-global-color-5)","background-image":"","background-repeat":"repeat","background-position":"center center","background-size":"auto","background-attachment":"scroll","background-type":"","background-media":"","overlay-type":"","overlay-color":"","overlay-opacity":"","overlay-gradient":""},"tablet":{"background-color":"","background-image":"","background-repeat":"repeat","background-position":"center center","background-size":"auto","background-attachment":"scroll","background-type":"","background-media":"","overlay-type":"","overlay-color":"","overlay-opacity":"","overlay-gradient":""},"mobile":{"background-color":"","background-image":"","background-repeat":"repeat","background-position":"center center","background-size":"auto","background-attachment":"scroll","background-type":"","background-media":"","overlay-type":"","overlay-color":"","overlay-opacity":"","overlay-gradient":""}},"ast-content-background-meta":{"desktop":{"background-color":"var(--ast-global-color-4)","background-image":"","background-repeat":"repeat","background-position":"center center","background-size":"auto","background-attachment":"scroll","background-type":"","background-media":"","overlay-type":"","overlay-color":"","overlay-opacity":"","overlay-gradient":""},"tablet":{"background-color":"var(--ast-global-color-4)","background-image":"","background-repeat":"repeat","background-position":"center center","background-size":"auto","background-attachment":"scroll","background-type":"","background-media":"","overlay-type":"","overlay-color":"","overlay-opacity":"","overlay-gradient":""},"mobile":{"background-color":"var(--ast-global-color-4)","background-image":"","background-repeat":"repeat","background-position":"center center","background-size":"auto","background-attachment":"scroll","background-type":"","background-media":"","overlay-type":"","overlay-color":"","overlay-opacity":"","overlay-gradient":""}},"footnotes":""},"class_list":["post-72056","page","type-page","status-publish","hentry"],"_links":{"self":[{"href":"https:\/\/mavideniz.com.tr\/tr\/wp-json\/wp\/v2\/pages\/72056","targetHints":{"allow":["GET"]}}],"collection":[{"href":"https:\/\/mavideniz.com.tr\/tr\/wp-json\/wp\/v2\/pages"}],"about":[{"href":"https:\/\/mavideniz.com.tr\/tr\/wp-json\/wp\/v2\/types\/page"}],"author":[{"embeddable":true,"href":"https:\/\/mavideniz.com.tr\/tr\/wp-json\/wp\/v2\/users\/1"}],"replies":[{"embeddable":true,"href":"https:\/\/mavideniz.com.tr\/tr\/wp-json\/wp\/v2\/comments?post=72056"}],"version-history":[{"count":0,"href":"https:\/\/mavideniz.com.tr\/tr\/wp-json\/wp\/v2\/pages\/72056\/revisions"}],"up":[{"embeddable":true,"href":"https:\/\/mavideniz.com.tr\/tr\/wp-json\/wp\/v2\/pages\/27930"}],"wp:attachment":[{"href":"https:\/\/mavideniz.com.tr\/tr\/wp-json\/wp\/v2\/media?parent=72056"}],"curies":[{"name":"wp","href":"https:\/\/api.w.org\/{rel}","templated":true}]}}