{"id":72061,"date":"2024-01-01T19:57:14","date_gmt":"2024-01-01T19:57:14","guid":{"rendered":"https:\/\/mavideniz.com.tr\/?page_id=72061"},"modified":"2025-10-05T00:07:47","modified_gmt":"2025-10-05T00:07:47","slug":"deiz-supurgesi","status":"publish","type":"page","link":"https:\/\/mavideniz.com.tr\/tr\/haberler-etkinlikler\/deiz-supurgesi\/","title":{"rendered":"DE\u0130Z S\u00dcP\u00dcRGES\u0130"},"content":{"rendered":"<p>1 Nisan 2015&#8217;ten itibaren 6 m Mini Cat tedarik ediyoruz<img loading=\"lazy\" decoding=\"async\" class=\"alignright wp-image-26541 size-full\" src=\"https:\/\/mavideniz.com.tr\/wp-content\/uploads\/Media-Centre\/News-Events\/2015\/trash-skimmer-boat.jpg\" width=\"375\" height=\"250\" alt=\"\" title=\"\"><br \/>\nAkdeniz&#8217;de kullan\u0131lmak \u00fczere Belediyelere \u0130\u00e7 ve K\u0131y\u0131 Sular\u0131nda Temizleyici tipte her t\u00fcrl\u00fc y\u00fczer ve yar\u0131 bat\u0131k sular\u0131 toplayan tekneler<br \/>\nplastik malzemeler, \u00e7\u00f6pler, \u00e7\u00f6pler, \u015fi\u015feler, sigaralar, ah\u015fap, algler, kat\u0131 kal\u0131nt\u0131lar ve organik maddeler dahil olmak \u00fczere kirleticiler. Bir t\u00fcrbin, kat\u0131 at\u0131klar\u0131 filtrelemek i\u00e7in a\u011fl\u0131 bir tanktan su ak\u0131\u015f\u0131 \u00e7ekiyor.<\/p>\n<p>Mavi Deniz&#8217;in \u00c7\u00f6p Toplama Gemileri d\u00fcnya \u00e7ap\u0131nda kullan\u0131l\u0131yor.<\/p>\n<p><strong>\u00d6zellikler<\/strong><\/p>\n<p>Kat\u0131 y\u00fczen at\u0131klar\u0131n ve yar\u0131 bat\u0131k makro kirleticilerin toplanmas\u0131 (plastik, bitkiler, teneke kutular, ah\u015fap, algler, deniz yosunu vb.)<br \/>\n\u00c7\u00f6pler konteynerde saklan\u0131yor<\/p>\n<p><strong>\u015eartname<\/strong><\/p>\n<ul>\n<li>Miktar: 2 adet<\/li>\n<li>Uzunluk: 6,4 m<\/li>\n<li>Geni\u015flik: 2,5 m<\/li>\n<li>Taslak: 0,8 m<\/li>\n<li>\u00c7\u00f6p At\u0131k Tank\u0131: 1 m3<\/li>\n<li>G\u00f6vde Tipi: Al\u00fcminyum<\/li>\n<\/ul>\n","protected":false},"excerpt":{"rendered":"<p>1 Nisan 2015&#8217;ten itibaren 6 m Mini Cat tedarik ediyoruz Akdeniz&#8217;de kullan\u0131lmak \u00fczere Belediyelere \u0130\u00e7 ve K\u0131y\u0131 Sular\u0131nda Temizleyici tipte [&hellip;]<\/p>\n","protected":false},"author":1,"featured_media":0,"parent":27930,"menu_order":0,"comment_status":"closed","ping_status":"closed","template":"","meta":{"site-sidebar-layout":"default","site-content-layout":"","ast-site-content-layout":"default","site-content-style":"default","site-sidebar-style":"default","ast-global-header-display":"","ast-banner-title-visibility":"","ast-main-header-display":"","ast-hfb-above-header-display":"","ast-hfb-below-header-display":"","ast-hfb-mobile-header-display":"","site-post-title":"","ast-breadcrumbs-content":"","ast-featured-img":"","footer-sml-layout":"","ast-disable-related-posts":"","theme-transparent-header-meta":"","adv-header-id-meta":"","stick-header-meta":"","header-above-stick-meta":"","header-main-stick-meta":"","header-below-stick-meta":"","astra-migrate-meta-layouts":"default","ast-page-background-enabled":"default","ast-page-background-meta":{"desktop":{"background-color":"var(--ast-global-color-5)","background-image":"","background-repeat":"repeat","background-position":"center center","background-size":"auto","background-attachment":"scroll","background-type":"","background-media":"","overlay-type":"","overlay-color":"","overlay-opacity":"","overlay-gradient":""},"tablet":{"background-color":"","background-image":"","background-repeat":"repeat","background-position":"center center","background-size":"auto","background-attachment":"scroll","background-type":"","background-media":"","overlay-type":"","overlay-color":"","overlay-opacity":"","overlay-gradient":""},"mobile":{"background-color":"","background-image":"","background-repeat":"repeat","background-position":"center center","background-size":"auto","background-attachment":"scroll","background-type":"","background-media":"","overlay-type":"","overlay-color":"","overlay-opacity":"","overlay-gradient":""}},"ast-content-background-meta":{"desktop":{"background-color":"var(--ast-global-color-4)","background-image":"","background-repeat":"repeat","background-position":"center center","background-size":"auto","background-attachment":"scroll","background-type":"","background-media":"","overlay-type":"","overlay-color":"","overlay-opacity":"","overlay-gradient":""},"tablet":{"background-color":"var(--ast-global-color-4)","background-image":"","background-repeat":"repeat","background-position":"center center","background-size":"auto","background-attachment":"scroll","background-type":"","background-media":"","overlay-type":"","overlay-color":"","overlay-opacity":"","overlay-gradient":""},"mobile":{"background-color":"var(--ast-global-color-4)","background-image":"","background-repeat":"repeat","background-position":"center center","background-size":"auto","background-attachment":"scroll","background-type":"","background-media":"","overlay-type":"","overlay-color":"","overlay-opacity":"","overlay-gradient":""}},"footnotes":""},"class_list":["post-72061","page","type-page","status-publish","hentry"],"_links":{"self":[{"href":"https:\/\/mavideniz.com.tr\/tr\/wp-json\/wp\/v2\/pages\/72061","targetHints":{"allow":["GET"]}}],"collection":[{"href":"https:\/\/mavideniz.com.tr\/tr\/wp-json\/wp\/v2\/pages"}],"about":[{"href":"https:\/\/mavideniz.com.tr\/tr\/wp-json\/wp\/v2\/types\/page"}],"author":[{"embeddable":true,"href":"https:\/\/mavideniz.com.tr\/tr\/wp-json\/wp\/v2\/users\/1"}],"replies":[{"embeddable":true,"href":"https:\/\/mavideniz.com.tr\/tr\/wp-json\/wp\/v2\/comments?post=72061"}],"version-history":[{"count":0,"href":"https:\/\/mavideniz.com.tr\/tr\/wp-json\/wp\/v2\/pages\/72061\/revisions"}],"up":[{"embeddable":true,"href":"https:\/\/mavideniz.com.tr\/tr\/wp-json\/wp\/v2\/pages\/27930"}],"wp:attachment":[{"href":"https:\/\/mavideniz.com.tr\/tr\/wp-json\/wp\/v2\/media?parent=72061"}],"curies":[{"name":"wp","href":"https:\/\/api.w.org\/{rel}","templated":true}]}}