{"id":75736,"date":"2024-09-19T13:00:00","date_gmt":"2024-09-19T13:00:00","guid":{"rendered":"https:\/\/mavideniz.com.tr\/?page_id=75736"},"modified":"2025-10-05T00:07:44","modified_gmt":"2025-10-05T00:07:44","slug":"unye-tersanesi-deniz-kirliligini-temizleme-operasyonu","status":"publish","type":"page","link":"https:\/\/mavideniz.com.tr\/tr\/servislerimiz\/petrol-sizintisi-mudahalesi-onleme\/petrol-sizintisi-mudahale-operasyonlari-yonetimi\/unye-tersanesi-deniz-kirliligini-temizleme-operasyonu\/","title":{"rendered":"\u00dcnye Tersanesi Deniz Kirlili\u011fini Temizleme Operasyonu"},"content":{"rendered":"<p>Anla\u015fmal\u0131 oldu\u011fumuz \u00dcnye tersanesi 19.09.2024 tarihinde firmam\u0131z\u0131 arayarak kirlilik ihbar\u0131 vermesinin ard\u0131ndan Karadeniz B\u00f6lgesi Acil M\u00fcdahale Sorumlular\u0131m\u0131z, M\u00fchendismiz ve 7 acil m\u00fcdahale personelimiz h\u0131zl\u0131 bir \u015fekilde kirlilik b\u00f6lgesine ula\u015f\u0131p kirlili\u011fi temizleme operasyonuna ba\u015flam\u0131\u015ft\u0131r. Yay\u0131lan petrol t\u00fcrevini ya\u011f emici bariyer kullan\u0131larak hapsedilmi\u015f olup kirlili\u011fin yay\u0131lmas\u0131 engelnemi\u015ftir. Petrol kirlili\u011fi tersane b\u00f6lgesinden ya\u011fmur suyu kanal\u0131na kar\u0131\u015fm\u0131\u015ft\u0131r. Sahil ve K\u0131y\u0131 \u015feiridi temizleme operasyonlar\u0131 ekskavat\u00f6r, ya\u011f emici sosis ve padlerle ger\u00e7ekle\u015ftirilmi\u015f olup kirlenen toprak ve at\u0131klar lisansl\u0131 kamyon ile bertaraf tesisine g\u00f6nderilmi\u015ftir.<\/p>\n","protected":false},"excerpt":{"rendered":"<p>Anla\u015fmal\u0131 oldu\u011fumuz \u00dcnye tersanesi 19.09.2024 tarihinde firmam\u0131z\u0131 arayarak kirlilik ihbar\u0131 vermesinin ard\u0131ndan Karadeniz B\u00f6lgesi Acil M\u00fcdahale Sorumlular\u0131m\u0131z, M\u00fchendismiz ve 7 [&hellip;]<\/p>\n","protected":false},"author":1,"featured_media":0,"parent":28192,"menu_order":0,"comment_status":"closed","ping_status":"closed","template":"","meta":{"site-sidebar-layout":"default","site-content-layout":"","ast-site-content-layout":"default","site-content-style":"default","site-sidebar-style":"default","ast-global-header-display":"","ast-banner-title-visibility":"","ast-main-header-display":"","ast-hfb-above-header-display":"","ast-hfb-below-header-display":"","ast-hfb-mobile-header-display":"","site-post-title":"","ast-breadcrumbs-content":"","ast-featured-img":"","footer-sml-layout":"","ast-disable-related-posts":"","theme-transparent-header-meta":"","adv-header-id-meta":"","stick-header-meta":"","header-above-stick-meta":"","header-main-stick-meta":"","header-below-stick-meta":"","astra-migrate-meta-layouts":"default","ast-page-background-enabled":"default","ast-page-background-meta":{"desktop":{"background-color":"var(--ast-global-color-5)","background-image":"","background-repeat":"repeat","background-position":"center center","background-size":"auto","background-attachment":"scroll","background-type":"","background-media":"","overlay-type":"","overlay-color":"","overlay-opacity":"","overlay-gradient":""},"tablet":{"background-color":"","background-image":"","background-repeat":"repeat","background-position":"center center","background-size":"auto","background-attachment":"scroll","background-type":"","background-media":"","overlay-type":"","overlay-color":"","overlay-opacity":"","overlay-gradient":""},"mobile":{"background-color":"","background-image":"","background-repeat":"repeat","background-position":"center center","background-size":"auto","background-attachment":"scroll","background-type":"","background-media":"","overlay-type":"","overlay-color":"","overlay-opacity":"","overlay-gradient":""}},"ast-content-background-meta":{"desktop":{"background-color":"var(--ast-global-color-4)","background-image":"","background-repeat":"repeat","background-position":"center center","background-size":"auto","background-attachment":"scroll","background-type":"","background-media":"","overlay-type":"","overlay-color":"","overlay-opacity":"","overlay-gradient":""},"tablet":{"background-color":"var(--ast-global-color-4)","background-image":"","background-repeat":"repeat","background-position":"center center","background-size":"auto","background-attachment":"scroll","background-type":"","background-media":"","overlay-type":"","overlay-color":"","overlay-opacity":"","overlay-gradient":""},"mobile":{"background-color":"var(--ast-global-color-4)","background-image":"","background-repeat":"repeat","background-position":"center center","background-size":"auto","background-attachment":"scroll","background-type":"","background-media":"","overlay-type":"","overlay-color":"","overlay-opacity":"","overlay-gradient":""}},"footnotes":""},"class_list":["post-75736","page","type-page","status-publish","hentry"],"_links":{"self":[{"href":"https:\/\/mavideniz.com.tr\/tr\/wp-json\/wp\/v2\/pages\/75736","targetHints":{"allow":["GET"]}}],"collection":[{"href":"https:\/\/mavideniz.com.tr\/tr\/wp-json\/wp\/v2\/pages"}],"about":[{"href":"https:\/\/mavideniz.com.tr\/tr\/wp-json\/wp\/v2\/types\/page"}],"author":[{"embeddable":true,"href":"https:\/\/mavideniz.com.tr\/tr\/wp-json\/wp\/v2\/users\/1"}],"replies":[{"embeddable":true,"href":"https:\/\/mavideniz.com.tr\/tr\/wp-json\/wp\/v2\/comments?post=75736"}],"version-history":[{"count":0,"href":"https:\/\/mavideniz.com.tr\/tr\/wp-json\/wp\/v2\/pages\/75736\/revisions"}],"up":[{"embeddable":true,"href":"https:\/\/mavideniz.com.tr\/tr\/wp-json\/wp\/v2\/pages\/28192"}],"wp:attachment":[{"href":"https:\/\/mavideniz.com.tr\/tr\/wp-json\/wp\/v2\/media?parent=75736"}],"curies":[{"name":"wp","href":"https:\/\/api.w.org\/{rel}","templated":true}]}}