{"id":76715,"date":"2025-04-06T11:32:50","date_gmt":"2025-04-06T11:32:50","guid":{"rendered":"https:\/\/mavideniz.com.tr\/?page_id=76715"},"modified":"2025-04-06T11:32:52","modified_gmt":"2025-04-06T11:32:52","slug":"baba-a-admiral-black-yangini-ve-petrol-sizintisi","status":"publish","type":"page","link":"https:\/\/mavideniz.com.tr\/tr\/servislerimiz\/petrol-sizintisi-mudahalesi-onleme\/petrol-sizintisi-mudahale-operasyonlari-yonetimi\/baba-a-admiral-black-yangini-ve-petrol-sizintisi\/","title":{"rendered":"Baba-A &#8211; Admiral Black Yang\u0131n\u0131 ve Petrol S\u0131z\u0131nt\u0131s\u0131"},"content":{"rendered":"\n<p>21.03.2024 tarihinde Alanya Bal\u0131k\u00e7\u0131 Bar\u0131na\u011f\u0131\u2019nda demirli olan Baba-A isimli teknede bilinmeyen sebeplerle 06.30 sular\u0131nda yang\u0131n \u00e7\u0131km\u0131\u015ft\u0131r.<\/p>\n\n\n\n<p>K\u0131sa s\u00fcrede b\u00fcy\u00fcyen alevler yandaki Admiral Black isimli tekneye s\u0131\u00e7ram\u0131\u015ft\u0131r.<\/p>\n\n\n\n<p>Olay esnas\u0131nda; Alanya b\u00f6lgesinde 5312 say\u0131l\u0131 Deniz \u00c7evresinin Petrol Ve Di\u011fer Zararl\u0131 Maddelerle Kirlenmesinde Acil Durumlarda M\u00fcdahale Ve Zararlar\u0131n Tazmini Esaslar\u0131na Dair Kanun kapsam\u0131nda Alida\u015f Alanya Liman \u0130\u015fletmeleri Denizcilik Turizm Ticaret ve Sanayi A.\u015e. ile anla\u015fmal\u0131 olan firmam\u0131z Ba\u015faran Gemi Onar\u0131m M\u00fch. Ltd. \u015eti., Alanya Liman Ba\u015fkanl\u0131\u011f\u0131 taraf\u0131ndan olas\u0131 bir kirlili\u011fe m\u00fcdahale edilmesi amac\u0131 ile yetkilendirilmi\u015f olup 6 Temizlik Personeli ve 1 Acil M\u00fcdahale Koordinat\u00f6r\u00fc ile bariyer serme haz\u0131rl\u0131kl\u0131klar\u0131na ba\u015flam\u0131\u015f ve Palamar Bot ile Alanya Liman Ba\u015fkanl\u0131\u011f\u0131 talimat\u0131yla liman a\u011fz\u0131na deniz bariyeri \u00e7ekmi\u015ftir.<\/p>\n\n\n\n<p>Yang\u0131n\u0131n sona ermesi ve so\u011futma \u00e7al\u0131\u015fmalar\u0131n\u0131n ba\u015flamas\u0131 ile deniz bariyeri k\u0131y\u0131da teknelerin etraf\u0131n\u0131 serecek \u015fekilde konumland\u0131r\u0131lm\u0131\u015ft\u0131r. Bu esnada olu\u015fan ya\u011f t\u00fcrevi s\u0131z\u0131nt\u0131y\u0131 toplamak i\u00e7in 24 metre ya\u011f emici sosis (bariyer) kullan\u0131lm\u0131\u015ft\u0131r. Temizlime operasyonu 1 hafta i\u00e7erisinde tamamlanm\u0131\u015ft\u0131r<\/p>\n","protected":false},"excerpt":{"rendered":"<p>21.03.2024 tarihinde Alanya Bal\u0131k\u00e7\u0131 Bar\u0131na\u011f\u0131\u2019nda demirli olan Baba-A isimli teknede bilinmeyen sebeplerle 06.30 sular\u0131nda yang\u0131n \u00e7\u0131km\u0131\u015ft\u0131r. K\u0131sa s\u00fcrede b\u00fcy\u00fcyen alevler [&hellip;]<\/p>\n","protected":false},"author":1,"featured_media":0,"parent":28192,"menu_order":0,"comment_status":"closed","ping_status":"closed","template":"","meta":{"site-sidebar-layout":"default","site-content-layout":"","ast-site-content-layout":"default","site-content-style":"default","site-sidebar-style":"default","ast-global-header-display":"","ast-banner-title-visibility":"","ast-main-header-display":"","ast-hfb-above-header-display":"","ast-hfb-below-header-display":"","ast-hfb-mobile-header-display":"","site-post-title":"","ast-breadcrumbs-content":"","ast-featured-img":"","footer-sml-layout":"","ast-disable-related-posts":"","theme-transparent-header-meta":"","adv-header-id-meta":"","stick-header-meta":"","header-above-stick-meta":"","header-main-stick-meta":"","header-below-stick-meta":"","astra-migrate-meta-layouts":"default","ast-page-background-enabled":"default","ast-page-background-meta":{"desktop":{"background-color":"var(--ast-global-color-5)","background-image":"","background-repeat":"repeat","background-position":"center center","background-size":"auto","background-attachment":"scroll","background-type":"","background-media":"","overlay-type":"","overlay-color":"","overlay-opacity":"","overlay-gradient":""},"tablet":{"background-color":"","background-image":"","background-repeat":"repeat","background-position":"center center","background-size":"auto","background-attachment":"scroll","background-type":"","background-media":"","overlay-type":"","overlay-color":"","overlay-opacity":"","overlay-gradient":""},"mobile":{"background-color":"","background-image":"","background-repeat":"repeat","background-position":"center center","background-size":"auto","background-attachment":"scroll","background-type":"","background-media":"","overlay-type":"","overlay-color":"","overlay-opacity":"","overlay-gradient":""}},"ast-content-background-meta":{"desktop":{"background-color":"var(--ast-global-color-4)","background-image":"","background-repeat":"repeat","background-position":"center center","background-size":"auto","background-attachment":"scroll","background-type":"","background-media":"","overlay-type":"","overlay-color":"","overlay-opacity":"","overlay-gradient":""},"tablet":{"background-color":"var(--ast-global-color-4)","background-image":"","background-repeat":"repeat","background-position":"center center","background-size":"auto","background-attachment":"scroll","background-type":"","background-media":"","overlay-type":"","overlay-color":"","overlay-opacity":"","overlay-gradient":""},"mobile":{"background-color":"var(--ast-global-color-4)","background-image":"","background-repeat":"repeat","background-position":"center center","background-size":"auto","background-attachment":"scroll","background-type":"","background-media":"","overlay-type":"","overlay-color":"","overlay-opacity":"","overlay-gradient":""}},"footnotes":""},"class_list":["post-76715","page","type-page","status-publish","hentry"],"_links":{"self":[{"href":"https:\/\/mavideniz.com.tr\/tr\/wp-json\/wp\/v2\/pages\/76715","targetHints":{"allow":["GET"]}}],"collection":[{"href":"https:\/\/mavideniz.com.tr\/tr\/wp-json\/wp\/v2\/pages"}],"about":[{"href":"https:\/\/mavideniz.com.tr\/tr\/wp-json\/wp\/v2\/types\/page"}],"author":[{"embeddable":true,"href":"https:\/\/mavideniz.com.tr\/tr\/wp-json\/wp\/v2\/users\/1"}],"replies":[{"embeddable":true,"href":"https:\/\/mavideniz.com.tr\/tr\/wp-json\/wp\/v2\/comments?post=76715"}],"version-history":[{"count":0,"href":"https:\/\/mavideniz.com.tr\/tr\/wp-json\/wp\/v2\/pages\/76715\/revisions"}],"up":[{"embeddable":true,"href":"https:\/\/mavideniz.com.tr\/tr\/wp-json\/wp\/v2\/pages\/28192"}],"wp:attachment":[{"href":"https:\/\/mavideniz.com.tr\/tr\/wp-json\/wp\/v2\/media?parent=76715"}],"curies":[{"name":"wp","href":"https:\/\/api.w.org\/{rel}","templated":true}]}}