{"id":76757,"date":"2025-04-06T13:42:52","date_gmt":"2025-04-06T13:42:52","guid":{"rendered":"https:\/\/mavideniz.com.tr\/?page_id=76757"},"modified":"2025-04-06T13:42:53","modified_gmt":"2025-04-06T13:42:53","slug":"izgin-limani-boru-hatti-petrol-sizintisi","status":"publish","type":"page","link":"https:\/\/mavideniz.com.tr\/tr\/servislerimiz\/petrol-sizintisi-mudahalesi-onleme\/petrol-sizintisi-mudahale-operasyonlari-yonetimi\/izgin-limani-boru-hatti-petrol-sizintisi\/","title":{"rendered":"\u0130zgin Liman\u0131 Boru Hatt\u0131 Petrol S\u0131z\u0131nt\u0131s\u0131"},"content":{"rendered":"<p>9 aral\u0131k 20224 tarihinde ak\u015fam saatlerinde petrol tankerine ya\u011f transferi yap\u0131ld\u0131\u011f\u0131 s\u0131ras\u0131nda boru hatt\u0131n\u0131n ba\u011flant\u0131 k\u0131sm\u0131n\u0131n a\u00e7\u0131lmas\u0131 sonucu bas\u0131n\u00e7la akan ya\u011f etrafa f\u0131\u015fk\u0131rm\u0131\u015f olup gemi y\u00fczeyine ve Liman r\u0131ht\u0131m\u0131n\u0131 kirlenmi\u015ftir.<\/p>\n<p>Geminin bordas\u0131na, bacas\u0131na, filikas\u0131na ve g\u00fcvertesine bula\u015fm\u0131\u015f olan ya\u011f \u00d6zel Kimyasal ve ya\u011f emicilerle temizli\u011fi yap\u0131lm\u0131\u015ft\u0131r. Operasyon 5 saatlik k\u0131sa bir zaman dilimi i\u00e7inde tamamlanm\u0131\u015ft\u0131r.<\/p>\n","protected":false},"excerpt":{"rendered":"<p>9 aral\u0131k 20224 tarihinde ak\u015fam saatlerinde petrol tankerine ya\u011f transferi yap\u0131ld\u0131\u011f\u0131 s\u0131ras\u0131nda boru hatt\u0131n\u0131n ba\u011flant\u0131 k\u0131sm\u0131n\u0131n a\u00e7\u0131lmas\u0131 sonucu bas\u0131n\u00e7la akan [&hellip;]<\/p>\n","protected":false},"author":1,"featured_media":0,"parent":28192,"menu_order":0,"comment_status":"closed","ping_status":"closed","template":"","meta":{"site-sidebar-layout":"default","site-content-layout":"","ast-site-content-layout":"default","site-content-style":"default","site-sidebar-style":"default","ast-global-header-display":"","ast-banner-title-visibility":"","ast-main-header-display":"","ast-hfb-above-header-display":"","ast-hfb-below-header-display":"","ast-hfb-mobile-header-display":"","site-post-title":"","ast-breadcrumbs-content":"","ast-featured-img":"","footer-sml-layout":"","ast-disable-related-posts":"","theme-transparent-header-meta":"","adv-header-id-meta":"","stick-header-meta":"","header-above-stick-meta":"","header-main-stick-meta":"","header-below-stick-meta":"","astra-migrate-meta-layouts":"default","ast-page-background-enabled":"default","ast-page-background-meta":{"desktop":{"background-color":"var(--ast-global-color-5)","background-image":"","background-repeat":"repeat","background-position":"center center","background-size":"auto","background-attachment":"scroll","background-type":"","background-media":"","overlay-type":"","overlay-color":"","overlay-opacity":"","overlay-gradient":""},"tablet":{"background-color":"","background-image":"","background-repeat":"repeat","background-position":"center center","background-size":"auto","background-attachment":"scroll","background-type":"","background-media":"","overlay-type":"","overlay-color":"","overlay-opacity":"","overlay-gradient":""},"mobile":{"background-color":"","background-image":"","background-repeat":"repeat","background-position":"center center","background-size":"auto","background-attachment":"scroll","background-type":"","background-media":"","overlay-type":"","overlay-color":"","overlay-opacity":"","overlay-gradient":""}},"ast-content-background-meta":{"desktop":{"background-color":"var(--ast-global-color-4)","background-image":"","background-repeat":"repeat","background-position":"center center","background-size":"auto","background-attachment":"scroll","background-type":"","background-media":"","overlay-type":"","overlay-color":"","overlay-opacity":"","overlay-gradient":""},"tablet":{"background-color":"var(--ast-global-color-4)","background-image":"","background-repeat":"repeat","background-position":"center center","background-size":"auto","background-attachment":"scroll","background-type":"","background-media":"","overlay-type":"","overlay-color":"","overlay-opacity":"","overlay-gradient":""},"mobile":{"background-color":"var(--ast-global-color-4)","background-image":"","background-repeat":"repeat","background-position":"center center","background-size":"auto","background-attachment":"scroll","background-type":"","background-media":"","overlay-type":"","overlay-color":"","overlay-opacity":"","overlay-gradient":""}},"footnotes":""},"class_list":["post-76757","page","type-page","status-publish","hentry"],"_links":{"self":[{"href":"https:\/\/mavideniz.com.tr\/tr\/wp-json\/wp\/v2\/pages\/76757","targetHints":{"allow":["GET"]}}],"collection":[{"href":"https:\/\/mavideniz.com.tr\/tr\/wp-json\/wp\/v2\/pages"}],"about":[{"href":"https:\/\/mavideniz.com.tr\/tr\/wp-json\/wp\/v2\/types\/page"}],"author":[{"embeddable":true,"href":"https:\/\/mavideniz.com.tr\/tr\/wp-json\/wp\/v2\/users\/1"}],"replies":[{"embeddable":true,"href":"https:\/\/mavideniz.com.tr\/tr\/wp-json\/wp\/v2\/comments?post=76757"}],"version-history":[{"count":0,"href":"https:\/\/mavideniz.com.tr\/tr\/wp-json\/wp\/v2\/pages\/76757\/revisions"}],"up":[{"embeddable":true,"href":"https:\/\/mavideniz.com.tr\/tr\/wp-json\/wp\/v2\/pages\/28192"}],"wp:attachment":[{"href":"https:\/\/mavideniz.com.tr\/tr\/wp-json\/wp\/v2\/media?parent=76757"}],"curies":[{"name":"wp","href":"https:\/\/api.w.org\/{rel}","templated":true}]}}