{"id":76781,"date":"2025-04-06T15:13:55","date_gmt":"2025-04-06T15:13:55","guid":{"rendered":"https:\/\/mavideniz.com.tr\/?page_id=76781"},"modified":"2025-10-05T00:07:42","modified_gmt":"2025-10-05T00:07:42","slug":"marport-limaninin-yag-camuruna-bulanmis-beton-yuzeyinin-temizlenmesi","status":"publish","type":"page","link":"https:\/\/mavideniz.com.tr\/tr\/servislerimiz\/petrol-sizintisi-mudahalesi-onleme\/petrol-sizintisi-mudahale-operasyonlari-yonetimi\/marport-limaninin-yag-camuruna-bulanmis-beton-yuzeyinin-temizlenmesi\/","title":{"rendered":"Marport Liman\u0131&#8217;n\u0131n ya\u011f \u00e7amuruna bulanm\u0131\u015f beton y\u00fczeyinin temizlenmesi"},"content":{"rendered":"<p>Marport Liman\u0131ndaki vin\u00e7, i\u015f makineleri ve forkliftlerden akan ya\u011flar beton zemini bal\u00e7\u0131k, katran haline getirmi\u015f. Ya\u011fmur ya\u011fmas\u0131yla ya\u011flar \u00e7\u00f6z\u00fcn\u00fcp denize akmaktayd\u0131. \u00c7e\u015fitli b\u00f6lgelerde 5 cm&#8217;ye kadar kat\u0131 ya\u011f tabaks\u0131 g\u00f6r\u00fcnmekteydi.<\/p>\n<p>09.09.2007 tarihinde ba\u015flad\u0131\u011f\u0131m\u0131z operasyon yakla\u015f\u0131k 1 ay s\u00fcnm\u00fc\u015ft\u00fcr.  Y\u00fczey temizli\u011fi \u00e7e\u015fitli kimyasal, s\u0131cak su jeti, ve ta\u015f\u0131nabilir vakum cihazlar\u0131yla 20 ki\u015filik bir ediple operasyon tamamlanm\u0131\u015ft\u0131r. Toplad\u0131\u011f\u0131m\u0131z at\u0131k ya\u011f\u0131 ve ya\u011fl\u0131 sular\u0131 bertaraf edilmek \u00fczere lisansl\u0131 tesise lisansl\u0131 ara\u00e7larla g\u00f6nderilmi\u015ftir.<\/p>\n","protected":false},"excerpt":{"rendered":"<p>Marport Liman\u0131ndaki vin\u00e7, i\u015f makineleri ve forkliftlerden akan ya\u011flar beton zemini bal\u00e7\u0131k, katran haline getirmi\u015f. Ya\u011fmur ya\u011fmas\u0131yla ya\u011flar \u00e7\u00f6z\u00fcn\u00fcp denize [&hellip;]<\/p>\n","protected":false},"author":1,"featured_media":0,"parent":28192,"menu_order":0,"comment_status":"closed","ping_status":"closed","template":"","meta":{"site-sidebar-layout":"default","site-content-layout":"","ast-site-content-layout":"default","site-content-style":"default","site-sidebar-style":"default","ast-global-header-display":"","ast-banner-title-visibility":"","ast-main-header-display":"","ast-hfb-above-header-display":"","ast-hfb-below-header-display":"","ast-hfb-mobile-header-display":"","site-post-title":"","ast-breadcrumbs-content":"","ast-featured-img":"","footer-sml-layout":"","ast-disable-related-posts":"","theme-transparent-header-meta":"","adv-header-id-meta":"","stick-header-meta":"","header-above-stick-meta":"","header-main-stick-meta":"","header-below-stick-meta":"","astra-migrate-meta-layouts":"default","ast-page-background-enabled":"default","ast-page-background-meta":{"desktop":{"background-color":"var(--ast-global-color-5)","background-image":"","background-repeat":"repeat","background-position":"center center","background-size":"auto","background-attachment":"scroll","background-type":"","background-media":"","overlay-type":"","overlay-color":"","overlay-opacity":"","overlay-gradient":""},"tablet":{"background-color":"","background-image":"","background-repeat":"repeat","background-position":"center center","background-size":"auto","background-attachment":"scroll","background-type":"","background-media":"","overlay-type":"","overlay-color":"","overlay-opacity":"","overlay-gradient":""},"mobile":{"background-color":"","background-image":"","background-repeat":"repeat","background-position":"center center","background-size":"auto","background-attachment":"scroll","background-type":"","background-media":"","overlay-type":"","overlay-color":"","overlay-opacity":"","overlay-gradient":""}},"ast-content-background-meta":{"desktop":{"background-color":"var(--ast-global-color-4)","background-image":"","background-repeat":"repeat","background-position":"center center","background-size":"auto","background-attachment":"scroll","background-type":"","background-media":"","overlay-type":"","overlay-color":"","overlay-opacity":"","overlay-gradient":""},"tablet":{"background-color":"var(--ast-global-color-4)","background-image":"","background-repeat":"repeat","background-position":"center center","background-size":"auto","background-attachment":"scroll","background-type":"","background-media":"","overlay-type":"","overlay-color":"","overlay-opacity":"","overlay-gradient":""},"mobile":{"background-color":"var(--ast-global-color-4)","background-image":"","background-repeat":"repeat","background-position":"center center","background-size":"auto","background-attachment":"scroll","background-type":"","background-media":"","overlay-type":"","overlay-color":"","overlay-opacity":"","overlay-gradient":""}},"footnotes":""},"class_list":["post-76781","page","type-page","status-publish","hentry"],"_links":{"self":[{"href":"https:\/\/mavideniz.com.tr\/tr\/wp-json\/wp\/v2\/pages\/76781","targetHints":{"allow":["GET"]}}],"collection":[{"href":"https:\/\/mavideniz.com.tr\/tr\/wp-json\/wp\/v2\/pages"}],"about":[{"href":"https:\/\/mavideniz.com.tr\/tr\/wp-json\/wp\/v2\/types\/page"}],"author":[{"embeddable":true,"href":"https:\/\/mavideniz.com.tr\/tr\/wp-json\/wp\/v2\/users\/1"}],"replies":[{"embeddable":true,"href":"https:\/\/mavideniz.com.tr\/tr\/wp-json\/wp\/v2\/comments?post=76781"}],"version-history":[{"count":0,"href":"https:\/\/mavideniz.com.tr\/tr\/wp-json\/wp\/v2\/pages\/76781\/revisions"}],"up":[{"embeddable":true,"href":"https:\/\/mavideniz.com.tr\/tr\/wp-json\/wp\/v2\/pages\/28192"}],"wp:attachment":[{"href":"https:\/\/mavideniz.com.tr\/tr\/wp-json\/wp\/v2\/media?parent=76781"}],"curies":[{"name":"wp","href":"https:\/\/api.w.org\/{rel}","templated":true}]}}