{"id":76805,"date":"2025-04-06T15:58:33","date_gmt":"2025-04-06T15:58:33","guid":{"rendered":"https:\/\/mavideniz.com.tr\/?page_id=76805"},"modified":"2025-10-05T00:07:42","modified_gmt":"2025-10-05T00:07:42","slug":"turkter-tersanesi-petrol-sizintisi","status":"publish","type":"page","link":"https:\/\/mavideniz.com.tr\/tr\/servislerimiz\/petrol-sizintisi-mudahalesi-onleme\/petrol-sizintisi-mudahale-operasyonlari-yonetimi\/turkter-tersanesi-petrol-sizintisi\/","title":{"rendered":"T\u00fcrkter Tersanesi Petrol S\u0131z\u0131nt\u0131s\u0131"},"content":{"rendered":"<p>T\u00fcrkter Tersanesine bak\u0131ma gelen at\u0131k toplama gemisinin at\u0131k tanlar\u0131ndan s\u0131zma ger\u00e7ekle\u015fmi\u015ftir. At\u0131k ya\u011flar tersanenin ta\u015f\u0131nt\u0131 havuzuna kadar ula\u015fm\u0131\u015ft\u0131r. Tersane ve gemi personeli ilk m\u00fcdahaleyi ger\u00e7ekle\u015ftirmi\u015ftir olup kirlili\u011fin kayna\u011f\u0131n\u0131 kesmek i\u00e7in yo\u011fun \u00e7aba sarf  etmi\u015flerdir.<br \/>\nFirmam\u0131z Petrol kirlili\u011fine m\u00fcdahale ekibi ile gelerek hem kara hem deniz \u00fczerinde ya\u011f emici pad, ya\u011f emici sosis, ve petrol kirlili\u011fine m\u00fcdahale teknemizle birlikte temizleme operasyonunu tamamlam\u0131\u015ft\u0131r.<\/p>\n","protected":false},"excerpt":{"rendered":"<p>T\u00fcrkter Tersanesine bak\u0131ma gelen at\u0131k toplama gemisinin at\u0131k tanlar\u0131ndan s\u0131zma ger\u00e7ekle\u015fmi\u015ftir. At\u0131k ya\u011flar tersanenin ta\u015f\u0131nt\u0131 havuzuna kadar ula\u015fm\u0131\u015ft\u0131r. Tersane ve [&hellip;]<\/p>\n","protected":false},"author":1,"featured_media":0,"parent":28192,"menu_order":0,"comment_status":"closed","ping_status":"closed","template":"","meta":{"site-sidebar-layout":"default","site-content-layout":"","ast-site-content-layout":"default","site-content-style":"default","site-sidebar-style":"default","ast-global-header-display":"","ast-banner-title-visibility":"","ast-main-header-display":"","ast-hfb-above-header-display":"","ast-hfb-below-header-display":"","ast-hfb-mobile-header-display":"","site-post-title":"","ast-breadcrumbs-content":"","ast-featured-img":"","footer-sml-layout":"","ast-disable-related-posts":"","theme-transparent-header-meta":"","adv-header-id-meta":"","stick-header-meta":"","header-above-stick-meta":"","header-main-stick-meta":"","header-below-stick-meta":"","astra-migrate-meta-layouts":"default","ast-page-background-enabled":"default","ast-page-background-meta":{"desktop":{"background-color":"var(--ast-global-color-5)","background-image":"","background-repeat":"repeat","background-position":"center center","background-size":"auto","background-attachment":"scroll","background-type":"","background-media":"","overlay-type":"","overlay-color":"","overlay-opacity":"","overlay-gradient":""},"tablet":{"background-color":"","background-image":"","background-repeat":"repeat","background-position":"center center","background-size":"auto","background-attachment":"scroll","background-type":"","background-media":"","overlay-type":"","overlay-color":"","overlay-opacity":"","overlay-gradient":""},"mobile":{"background-color":"","background-image":"","background-repeat":"repeat","background-position":"center center","background-size":"auto","background-attachment":"scroll","background-type":"","background-media":"","overlay-type":"","overlay-color":"","overlay-opacity":"","overlay-gradient":""}},"ast-content-background-meta":{"desktop":{"background-color":"var(--ast-global-color-4)","background-image":"","background-repeat":"repeat","background-position":"center center","background-size":"auto","background-attachment":"scroll","background-type":"","background-media":"","overlay-type":"","overlay-color":"","overlay-opacity":"","overlay-gradient":""},"tablet":{"background-color":"var(--ast-global-color-4)","background-image":"","background-repeat":"repeat","background-position":"center center","background-size":"auto","background-attachment":"scroll","background-type":"","background-media":"","overlay-type":"","overlay-color":"","overlay-opacity":"","overlay-gradient":""},"mobile":{"background-color":"var(--ast-global-color-4)","background-image":"","background-repeat":"repeat","background-position":"center center","background-size":"auto","background-attachment":"scroll","background-type":"","background-media":"","overlay-type":"","overlay-color":"","overlay-opacity":"","overlay-gradient":""}},"footnotes":""},"class_list":["post-76805","page","type-page","status-publish","hentry"],"_links":{"self":[{"href":"https:\/\/mavideniz.com.tr\/tr\/wp-json\/wp\/v2\/pages\/76805","targetHints":{"allow":["GET"]}}],"collection":[{"href":"https:\/\/mavideniz.com.tr\/tr\/wp-json\/wp\/v2\/pages"}],"about":[{"href":"https:\/\/mavideniz.com.tr\/tr\/wp-json\/wp\/v2\/types\/page"}],"author":[{"embeddable":true,"href":"https:\/\/mavideniz.com.tr\/tr\/wp-json\/wp\/v2\/users\/1"}],"replies":[{"embeddable":true,"href":"https:\/\/mavideniz.com.tr\/tr\/wp-json\/wp\/v2\/comments?post=76805"}],"version-history":[{"count":0,"href":"https:\/\/mavideniz.com.tr\/tr\/wp-json\/wp\/v2\/pages\/76805\/revisions"}],"up":[{"embeddable":true,"href":"https:\/\/mavideniz.com.tr\/tr\/wp-json\/wp\/v2\/pages\/28192"}],"wp:attachment":[{"href":"https:\/\/mavideniz.com.tr\/tr\/wp-json\/wp\/v2\/media?parent=76805"}],"curies":[{"name":"wp","href":"https:\/\/api.w.org\/{rel}","templated":true}]}}