{"id":76828,"date":"2025-04-06T16:33:28","date_gmt":"2025-04-06T16:33:28","guid":{"rendered":"https:\/\/mavideniz.com.tr\/?page_id=76828"},"modified":"2025-10-05T00:07:41","modified_gmt":"2025-10-05T00:07:41","slug":"ttk-limani-petrol-sizintisi","status":"publish","type":"page","link":"https:\/\/mavideniz.com.tr\/tr\/servislerimiz\/petrol-sizintisi-mudahalesi-onleme\/petrol-sizintisi-mudahale-operasyonlari-yonetimi\/ttk-limani-petrol-sizintisi\/","title":{"rendered":"TTK Liman\u0131 Petrol S\u0131z\u0131nt\u0131s\u0131"},"content":{"rendered":"<p>16.08.2017  tarihinde TTK Liman\u0131 taraf\u0131ndan firmam\u0131za kirlilik ihbar edilmi\u015ftir. Zonguldak b\u00f6lgesinde bulunan acil m\u00fcdahale personellerimiz olay yerine intikal edip sahil g\u00fcvenlik ve TTK r\u00f6mork\u00f6rleri ile birlikte yakla\u015f\u0131k 500 mt bariyer serilerek kirlilik hapsedilmi\u015ftir.<\/p>\n<p>Kanal b\u00f6lgesinden denize kar\u0131\u015ft\u0131\u011f\u0131 b\u00f6lge \u00e7e\u015fitli kimyasal, su jeti ve emici padler ile temizlenmesi ger\u00e7ekle\u015ftirilmi\u015ftir. Kirlili\u011fin kayal\u0131klara ula\u015fmas\u0131n\u0131 engellemek i\u00e7in ya\u011f emici sosisler kullan\u0131lm\u0131\u015ft\u0131r. Deniz y\u00fczeyindeki kirlik ya\u011f emicilerle toplanm\u0131\u015ft\u0131r<\/p>\n<p>At\u0131klar Lisansl\u0131 at\u0131k toplama gemisine teslim edilmi\u015f olup, operasyon yakla\u015f\u0131k 8 g\u00fcn s\u00fcrm\u00fc\u015ft\u00fcr.<\/p>\n","protected":false},"excerpt":{"rendered":"<p>16.08.2017 tarihinde TTK Liman\u0131 taraf\u0131ndan firmam\u0131za kirlilik ihbar edilmi\u015ftir. Zonguldak b\u00f6lgesinde bulunan acil m\u00fcdahale personellerimiz olay yerine intikal edip sahil [&hellip;]<\/p>\n","protected":false},"author":1,"featured_media":0,"parent":28192,"menu_order":0,"comment_status":"closed","ping_status":"closed","template":"","meta":{"site-sidebar-layout":"default","site-content-layout":"","ast-site-content-layout":"default","site-content-style":"default","site-sidebar-style":"default","ast-global-header-display":"","ast-banner-title-visibility":"","ast-main-header-display":"","ast-hfb-above-header-display":"","ast-hfb-below-header-display":"","ast-hfb-mobile-header-display":"","site-post-title":"","ast-breadcrumbs-content":"","ast-featured-img":"","footer-sml-layout":"","ast-disable-related-posts":"","theme-transparent-header-meta":"","adv-header-id-meta":"","stick-header-meta":"","header-above-stick-meta":"","header-main-stick-meta":"","header-below-stick-meta":"","astra-migrate-meta-layouts":"default","ast-page-background-enabled":"default","ast-page-background-meta":{"desktop":{"background-color":"var(--ast-global-color-5)","background-image":"","background-repeat":"repeat","background-position":"center center","background-size":"auto","background-attachment":"scroll","background-type":"","background-media":"","overlay-type":"","overlay-color":"","overlay-opacity":"","overlay-gradient":""},"tablet":{"background-color":"","background-image":"","background-repeat":"repeat","background-position":"center center","background-size":"auto","background-attachment":"scroll","background-type":"","background-media":"","overlay-type":"","overlay-color":"","overlay-opacity":"","overlay-gradient":""},"mobile":{"background-color":"","background-image":"","background-repeat":"repeat","background-position":"center center","background-size":"auto","background-attachment":"scroll","background-type":"","background-media":"","overlay-type":"","overlay-color":"","overlay-opacity":"","overlay-gradient":""}},"ast-content-background-meta":{"desktop":{"background-color":"var(--ast-global-color-4)","background-image":"","background-repeat":"repeat","background-position":"center center","background-size":"auto","background-attachment":"scroll","background-type":"","background-media":"","overlay-type":"","overlay-color":"","overlay-opacity":"","overlay-gradient":""},"tablet":{"background-color":"var(--ast-global-color-4)","background-image":"","background-repeat":"repeat","background-position":"center center","background-size":"auto","background-attachment":"scroll","background-type":"","background-media":"","overlay-type":"","overlay-color":"","overlay-opacity":"","overlay-gradient":""},"mobile":{"background-color":"var(--ast-global-color-4)","background-image":"","background-repeat":"repeat","background-position":"center center","background-size":"auto","background-attachment":"scroll","background-type":"","background-media":"","overlay-type":"","overlay-color":"","overlay-opacity":"","overlay-gradient":""}},"footnotes":""},"class_list":["post-76828","page","type-page","status-publish","hentry"],"_links":{"self":[{"href":"https:\/\/mavideniz.com.tr\/tr\/wp-json\/wp\/v2\/pages\/76828","targetHints":{"allow":["GET"]}}],"collection":[{"href":"https:\/\/mavideniz.com.tr\/tr\/wp-json\/wp\/v2\/pages"}],"about":[{"href":"https:\/\/mavideniz.com.tr\/tr\/wp-json\/wp\/v2\/types\/page"}],"author":[{"embeddable":true,"href":"https:\/\/mavideniz.com.tr\/tr\/wp-json\/wp\/v2\/users\/1"}],"replies":[{"embeddable":true,"href":"https:\/\/mavideniz.com.tr\/tr\/wp-json\/wp\/v2\/comments?post=76828"}],"version-history":[{"count":0,"href":"https:\/\/mavideniz.com.tr\/tr\/wp-json\/wp\/v2\/pages\/76828\/revisions"}],"up":[{"embeddable":true,"href":"https:\/\/mavideniz.com.tr\/tr\/wp-json\/wp\/v2\/pages\/28192"}],"wp:attachment":[{"href":"https:\/\/mavideniz.com.tr\/tr\/wp-json\/wp\/v2\/media?parent=76828"}],"curies":[{"name":"wp","href":"https:\/\/api.w.org\/{rel}","templated":true}]}}