{"id":76849,"date":"2025-04-06T17:11:52","date_gmt":"2025-04-06T17:11:52","guid":{"rendered":"https:\/\/mavideniz.com.tr\/?page_id=76849"},"modified":"2025-04-06T17:11:53","modified_gmt":"2025-04-06T17:11:53","slug":"alican-s-kargo-gemisinin-yuzdurulmesi","status":"publish","type":"page","link":"https:\/\/mavideniz.com.tr\/tr\/servislerimiz\/petrol-sizintisi-mudahalesi-onleme\/petrol-sizintisi-mudahale-operasyonlari-yonetimi\/alican-s-kargo-gemisinin-yuzdurulmesi\/","title":{"rendered":"ALICAN S Kargo Gemisinin Y\u00fczd\u00fcr\u00fclmesi"},"content":{"rendered":"<p>Rize&#8217;nin \u00c7ayeli il\u00e7esi Limank\u00f6y Liman\u0131&#8217;nda,18.01.2013 tarihinde  Zonguldak&#8217;tan y\u00fckledi\u011fi \u00e7imento hammaddesinin tahliyesi esnas\u0131nda yan batan 89 metre boyunda ve 11 metre geni\u015fli\u011findeki AL\u0130CAN S y\u00fczd\u00fcrme \u00e7al\u0131\u015fmalar\u0131 RE\u0130S DALGI\u00c7LIK SAN.T\u0130C.LTD.\u015eT\u0130. ve KARADEN\u0130Z GEM\u0130 \u0130N\u015eA A.\u015e. taraf\u0131ndan ger\u00e7ekle\u015ftirmi\u015f olup Firmam\u0131z taraf\u0131ndan petrol kirlili\u011fine kar\u015f\u0131 petrol bariyeri ile g\u00fcvenli\u011fi sa\u011flanm\u0131\u015ft\u0131r.<\/p>\n<p>Geminin y\u00fczd\u00fcr\u00fclerek \u00e7\u0131kar\u0131lmas\u0131, \u00f6ng\u00f6r\u00fclen zamandan daha k\u0131sa bir s\u00fcrede ger\u00e7ekle\u015ftirilmi\u015f olup \u00c7ayeli Liman Trafi\u011fi normal hale gelmi\u015ftir.  AL\u0130CAN-S gemisi, \u00f6n\u00fcm\u00fczdeki g\u00fcnlerde R\u00f6mork\u00f6r yede\u011finde Karadeniz Gemi \u0130n\u015fa Sanayine ait \u00dcnye tersanesine \u00e7ekilmek \u00fczere haz\u0131rl\u0131klar\u0131 ba\u015flat\u0131lm\u0131\u015ft\u0131r.<\/p>\n","protected":false},"excerpt":{"rendered":"<p>Rize&#8217;nin \u00c7ayeli il\u00e7esi Limank\u00f6y Liman\u0131&#8217;nda,18.01.2013 tarihinde Zonguldak&#8217;tan y\u00fckledi\u011fi \u00e7imento hammaddesinin tahliyesi esnas\u0131nda yan batan 89 metre boyunda ve 11 metre [&hellip;]<\/p>\n","protected":false},"author":1,"featured_media":0,"parent":28192,"menu_order":0,"comment_status":"closed","ping_status":"closed","template":"","meta":{"site-sidebar-layout":"default","site-content-layout":"","ast-site-content-layout":"default","site-content-style":"default","site-sidebar-style":"default","ast-global-header-display":"","ast-banner-title-visibility":"","ast-main-header-display":"","ast-hfb-above-header-display":"","ast-hfb-below-header-display":"","ast-hfb-mobile-header-display":"","site-post-title":"","ast-breadcrumbs-content":"","ast-featured-img":"","footer-sml-layout":"","ast-disable-related-posts":"","theme-transparent-header-meta":"","adv-header-id-meta":"","stick-header-meta":"","header-above-stick-meta":"","header-main-stick-meta":"","header-below-stick-meta":"","astra-migrate-meta-layouts":"default","ast-page-background-enabled":"default","ast-page-background-meta":{"desktop":{"background-color":"var(--ast-global-color-5)","background-image":"","background-repeat":"repeat","background-position":"center center","background-size":"auto","background-attachment":"scroll","background-type":"","background-media":"","overlay-type":"","overlay-color":"","overlay-opacity":"","overlay-gradient":""},"tablet":{"background-color":"","background-image":"","background-repeat":"repeat","background-position":"center center","background-size":"auto","background-attachment":"scroll","background-type":"","background-media":"","overlay-type":"","overlay-color":"","overlay-opacity":"","overlay-gradient":""},"mobile":{"background-color":"","background-image":"","background-repeat":"repeat","background-position":"center center","background-size":"auto","background-attachment":"scroll","background-type":"","background-media":"","overlay-type":"","overlay-color":"","overlay-opacity":"","overlay-gradient":""}},"ast-content-background-meta":{"desktop":{"background-color":"var(--ast-global-color-4)","background-image":"","background-repeat":"repeat","background-position":"center center","background-size":"auto","background-attachment":"scroll","background-type":"","background-media":"","overlay-type":"","overlay-color":"","overlay-opacity":"","overlay-gradient":""},"tablet":{"background-color":"var(--ast-global-color-4)","background-image":"","background-repeat":"repeat","background-position":"center center","background-size":"auto","background-attachment":"scroll","background-type":"","background-media":"","overlay-type":"","overlay-color":"","overlay-opacity":"","overlay-gradient":""},"mobile":{"background-color":"var(--ast-global-color-4)","background-image":"","background-repeat":"repeat","background-position":"center center","background-size":"auto","background-attachment":"scroll","background-type":"","background-media":"","overlay-type":"","overlay-color":"","overlay-opacity":"","overlay-gradient":""}},"footnotes":""},"class_list":["post-76849","page","type-page","status-publish","hentry"],"_links":{"self":[{"href":"https:\/\/mavideniz.com.tr\/tr\/wp-json\/wp\/v2\/pages\/76849","targetHints":{"allow":["GET"]}}],"collection":[{"href":"https:\/\/mavideniz.com.tr\/tr\/wp-json\/wp\/v2\/pages"}],"about":[{"href":"https:\/\/mavideniz.com.tr\/tr\/wp-json\/wp\/v2\/types\/page"}],"author":[{"embeddable":true,"href":"https:\/\/mavideniz.com.tr\/tr\/wp-json\/wp\/v2\/users\/1"}],"replies":[{"embeddable":true,"href":"https:\/\/mavideniz.com.tr\/tr\/wp-json\/wp\/v2\/comments?post=76849"}],"version-history":[{"count":0,"href":"https:\/\/mavideniz.com.tr\/tr\/wp-json\/wp\/v2\/pages\/76849\/revisions"}],"up":[{"embeddable":true,"href":"https:\/\/mavideniz.com.tr\/tr\/wp-json\/wp\/v2\/pages\/28192"}],"wp:attachment":[{"href":"https:\/\/mavideniz.com.tr\/tr\/wp-json\/wp\/v2\/media?parent=76849"}],"curies":[{"name":"wp","href":"https:\/\/api.w.org\/{rel}","templated":true}]}}